{"id":3874,"date":"2022-03-08T17:53:19","date_gmt":"2022-03-08T17:53:19","guid":{"rendered":"https:\/\/www.teseracto4d.es\/?page_id=3874"},"modified":"2025-04-04T08:12:59","modified_gmt":"2025-04-04T08:12:59","slug":"ferulas-dentales","status":"publish","type":"page","link":"https:\/\/www.teseracto4d.es\/de\/ferulas-dentales\/","title":{"rendered":"Zahnschienen"},"content":{"rendered":"<div data-elementor-type=\"wp-page\" data-elementor-id=\"3874\" class=\"elementor elementor-3874\" data-elementor-post-type=\"page\">\n\t\t\t\t\t\t<section class=\"elementor-section elementor-top-section elementor-element elementor-element-56ecd23 elementor-section-full_width elementor-section-height-default elementor-section-height-default\" data-id=\"56ecd23\" data-element_type=\"section\" data-e-type=\"section\" data-settings=\"{&quot;background_background&quot;:&quot;classic&quot;}\">\n\t\t\t\t\t\t<div class=\"elementor-container elementor-column-gap-default\">\n\t\t\t\t\t<div class=\"elementor-column elementor-col-50 elementor-top-column elementor-element elementor-element-b159758\" data-id=\"b159758\" data-element_type=\"column\" data-e-type=\"column\" data-settings=\"{&quot;background_background&quot;:&quot;classic&quot;}\">\n\t\t\t<div class=\"elementor-widget-wrap elementor-element-populated\">\n\t\t\t\t\t\t<div class=\"elementor-element elementor-element-1205a5e elementor-widget elementor-widget-html\" data-id=\"1205a5e\" data-element_type=\"widget\" data-e-type=\"widget\" data-widget_type=\"html.default\">\n\t\t\t\t<div class=\"elementor-widget-container\">\n\t\t\t\t\t<a href=\"https:\/\/www.teseracto4d.es\/de\/ferula-disenada-o-no\/\" style=\"display: block; width: 100%; height: 60vh;\">\r\n    <div style=\"width: 100%; height: 100%; background-image: url('https:\/\/www.teseracto4d.es\/wp-content\/uploads\/2020\/02\/Ferula-michigan.jpg'); display: flex; background-size: cover; background-repeat: no-repeat; align-items: center; justify-content: center;\">\r\n        <p style=\"font-size: 50px; font-weight: bold; text-align:center;\">Michigan-Schiene<\/p>\r\n    <\/div>\r\n<\/a>\r\n\t\t\t\t<\/div>\n\t\t\t\t<\/div>\n\t\t\t\t\t<\/div>\n\t\t<\/div>\n\t\t\t\t<div class=\"elementor-column elementor-col-50 elementor-top-column elementor-element elementor-element-5d4b73f\" data-id=\"5d4b73f\" data-element_type=\"column\" data-e-type=\"column\" data-settings=\"{&quot;background_background&quot;:&quot;classic&quot;}\">\n\t\t\t<div class=\"elementor-widget-wrap elementor-element-populated\">\n\t\t\t\t\t\t<div class=\"elementor-element elementor-element-8045759 elementor-widget elementor-widget-html\" data-id=\"8045759\" data-element_type=\"widget\" data-e-type=\"widget\" data-widget_type=\"html.default\">\n\t\t\t\t<div class=\"elementor-widget-container\">\n\t\t\t\t\t<a href=\"https:\/\/www.teseracto4d.es\/de\/pedidos-de-ferulas-radiologicas-y-gingivectomia\/\" style=\"display: block; width: 100%; height: 60vh;\">\r\n    <div style=\"width: 100%; height: 100%; background-image: url('https:\/\/www.teseracto4d.es\/wp-content\/uploads\/2023\/03\/gingi1-1.png'); display: flex; background-size: cover; background-repeat: no-repeat; align-items: center; justify-content: center;\">\r\n        <p style=\"font-size: 50px; font-weight: bold; text-align:center;\">Gingivektomie<\/p>\r\n    <\/div>\r\n<\/a>\r\n\t\t\t\t<\/div>\n\t\t\t\t<\/div>\n\t\t\t\t\t<\/div>\n\t\t<\/div>\n\t\t\t\t\t<\/div>\n\t\t<\/section>\n\t\t\t\t<section class=\"elementor-section elementor-top-section elementor-element elementor-element-4b3774c elementor-section-full_width elementor-section-height-default elementor-section-height-default\" data-id=\"4b3774c\" data-element_type=\"section\" data-e-type=\"section\" data-settings=\"{&quot;background_background&quot;:&quot;classic&quot;}\">\n\t\t\t\t\t\t<div class=\"elementor-container elementor-column-gap-default\">\n\t\t\t\t\t<div class=\"elementor-column elementor-col-50 elementor-top-column elementor-element elementor-element-55a0a94\" data-id=\"55a0a94\" data-element_type=\"column\" data-e-type=\"column\" data-settings=\"{&quot;background_background&quot;:&quot;classic&quot;}\">\n\t\t\t<div class=\"elementor-widget-wrap elementor-element-populated\">\n\t\t\t\t\t\t<div class=\"elementor-element elementor-element-22a5ba8 elementor-widget elementor-widget-html\" data-id=\"22a5ba8\" data-element_type=\"widget\" data-e-type=\"widget\" data-widget_type=\"html.default\">\n\t\t\t\t<div class=\"elementor-widget-container\">\n\t\t\t\t\t<a href=\"https:\/\/www.teseracto4d.es\/de\/pedidos-de-guia-quirurgica\/\" style=\"display: block; width: 100%; height: 60vh;\">\r\n    <div style=\"width: 100%; height: 100%; background-image: url('https:\/\/www.teseracto4d.es\/wp-content\/uploads\/2023\/04\/guias1.png'); display: flex; background-size: cover; background-repeat: no-repeat; align-items: center; justify-content: center;\">\r\n        <p style=\"font-size: 35px; font-weight: bold; text-align:center;\">Chirurgischer Leitfaden<\/p>\r\n    <\/div>\r\n<\/a>\r\n\t\t\t\t<\/div>\n\t\t\t\t<\/div>\n\t\t\t\t\t<\/div>\n\t\t<\/div>\n\t\t\t\t<div class=\"elementor-column elementor-col-50 elementor-top-column elementor-element elementor-element-df044e9\" data-id=\"df044e9\" data-element_type=\"column\" data-e-type=\"column\" data-settings=\"{&quot;background_background&quot;:&quot;classic&quot;}\">\n\t\t\t<div class=\"elementor-widget-wrap elementor-element-populated\">\n\t\t\t\t\t\t<div class=\"elementor-element elementor-element-58fadcd elementor-widget elementor-widget-html\" data-id=\"58fadcd\" data-element_type=\"widget\" data-e-type=\"widget\" data-widget_type=\"html.default\">\n\t\t\t\t<div class=\"elementor-widget-container\">\n\t\t\t\t\t<a href=\"https:\/\/www.teseracto4d.es\/de\/pedidos-de-fri\/\" style=\"display: block; width: 100%; height: 60vh;\">\r\n    <div style=\"width: 100%; height: 100%; background-image: url('https:\/\/www.teseracto4d.es\/wp-content\/uploads\/2024\/03\/FRI.png'); display: flex; background-size: cover; background-repeat: no-repeat; align-items: center; justify-content: center;\">\r\n        <p style=\"font-size: 35px; font-weight: bold; text-align:center;\">Ersatzschiene<br> von Implantaten<\/p>\r\n    <\/div>\r\n<\/a>\r\n\t\t\t\t<\/div>\n\t\t\t\t<\/div>\n\t\t\t\t\t<\/div>\n\t\t<\/div>\n\t\t\t\t\t<\/div>\n\t\t<\/section>\n\t\t\t\t<section class=\"elementor-section elementor-top-section elementor-element elementor-element-59b887a elementor-section-full_width elementor-section-height-default elementor-section-height-default\" data-id=\"59b887a\" data-element_type=\"section\" data-e-type=\"section\" data-settings=\"{&quot;background_background&quot;:&quot;classic&quot;}\">\n\t\t\t\t\t\t<div class=\"elementor-container elementor-column-gap-default\">\n\t\t\t\t\t<div class=\"elementor-column elementor-col-100 elementor-top-column elementor-element elementor-element-b6cd8a7\" data-id=\"b6cd8a7\" data-element_type=\"column\" data-e-type=\"column\">\n\t\t\t<div class=\"elementor-widget-wrap\">\n\t\t\t\t\t\t\t<\/div>\n\t\t<\/div>\n\t\t\t\t\t<\/div>\n\t\t<\/section>\n\t\t\t\t<section class=\"elementor-section elementor-top-section elementor-element elementor-element-696cf20 elementor-section-full_width elementor-hidden-desktop elementor-hidden-tablet elementor-hidden-mobile elementor-section-height-default elementor-section-height-default\" data-id=\"696cf20\" data-element_type=\"section\" data-e-type=\"section\" data-settings=\"{&quot;background_background&quot;:&quot;classic&quot;}\">\n\t\t\t\t\t\t<div class=\"elementor-container elementor-column-gap-default\">\n\t\t\t\t\t<div class=\"elementor-column elementor-col-33 elementor-top-column elementor-element elementor-element-8a79ad5\" data-id=\"8a79ad5\" data-element_type=\"column\" data-e-type=\"column\" data-settings=\"{&quot;background_background&quot;:&quot;classic&quot;}\">\n\t\t\t<div class=\"elementor-widget-wrap elementor-element-populated\">\n\t\t\t\t\t\t<div class=\"elementor-element elementor-element-676b570 elementor-widget elementor-widget-html\" data-id=\"676b570\" data-element_type=\"widget\" data-e-type=\"widget\" data-widget_type=\"html.default\">\n\t\t\t\t<div class=\"elementor-widget-container\">\n\t\t\t\t\t<a href=\"https:\/\/www.teseracto4d.es\/de\/ferula-disenada-o-no\/\" style=\"display: block; width: 100%; height: 50vh;\">\r\n    <div style=\"width: 100%; height: 100%; background-image: url('https:\/\/www.teseracto4d.es\/wp-content\/uploads\/2020\/02\/Ferula-michigan.jpg'); display: flex; background-size: cover; background-repeat: no-repeat; align-items: center; justify-content: center;\">\r\n        <p style=\"font-size: 50px; font-weight: bold; text-align:center;\">Michigan-Schiene<\/p>\r\n    <\/div>\r\n<\/a>\r\n\t\t\t\t<\/div>\n\t\t\t\t<\/div>\n\t\t\t\t\t<\/div>\n\t\t<\/div>\n\t\t\t\t<div class=\"elementor-column elementor-col-33 elementor-top-column elementor-element elementor-element-0a8913c\" data-id=\"0a8913c\" data-element_type=\"column\" data-e-type=\"column\" data-settings=\"{&quot;background_background&quot;:&quot;classic&quot;}\">\n\t\t\t<div class=\"elementor-widget-wrap elementor-element-populated\">\n\t\t\t\t\t\t<div class=\"elementor-element elementor-element-b93a7ba elementor-widget elementor-widget-html\" data-id=\"b93a7ba\" data-element_type=\"widget\" data-e-type=\"widget\" data-widget_type=\"html.default\">\n\t\t\t\t<div class=\"elementor-widget-container\">\n\t\t\t\t\t<a href=\"https:\/\/www.teseracto4d.es\/de\/pedidos-de-ferulas-radiologicas-y-gingivectomia\/\" style=\"display: block; width: 100%; height: 50vh;\">\r\n    <div style=\"width: 100%; height: 100%; background-image: url('https:\/\/www.teseracto4d.es\/wp-content\/uploads\/2023\/03\/gingi1-1.png'); display: flex; background-size: cover; background-repeat: no-repeat; align-items: center; justify-content: center;\">\r\n        <p style=\"font-size: 50px; font-weight: bold; text-align:center;\">Gingivektomie<\/p>\r\n    <\/div>\r\n<\/a>\r\n\t\t\t\t<\/div>\n\t\t\t\t<\/div>\n\t\t\t\t\t<\/div>\n\t\t<\/div>\n\t\t\t\t<div class=\"elementor-column elementor-col-33 elementor-top-column elementor-element elementor-element-a5e80c2\" data-id=\"a5e80c2\" data-element_type=\"column\" data-e-type=\"column\" data-settings=\"{&quot;background_background&quot;:&quot;classic&quot;}\">\n\t\t\t<div class=\"elementor-widget-wrap elementor-element-populated\">\n\t\t\t\t\t\t<div class=\"elementor-element elementor-element-84abbd3 elementor-widget elementor-widget-html\" data-id=\"84abbd3\" data-element_type=\"widget\" data-e-type=\"widget\" data-widget_type=\"html.default\">\n\t\t\t\t<div class=\"elementor-widget-container\">\n\t\t\t\t\t<a href=\"https:\/\/www.teseracto4d.es\/de\/pedidos-de-fri\/\" style=\"display: block; width: 100%; height: 50vh;\">\r\n    <div style=\"width: 100%; height: 100%; background-image: url('https:\/\/www.teseracto4d.es\/wp-content\/uploads\/2024\/03\/FRI.png'); display: flex; background-size: cover; background-repeat: no-repeat; align-items: center; justify-content: center;\">\r\n        <p style=\"font-size: 35px; font-weight: bold; text-align:center;\">Ersatzschiene<br> von Implantaten<\/p>\r\n    <\/div>\r\n<\/a>\r\n\t\t\t\t<\/div>\n\t\t\t\t<\/div>\n\t\t\t\t\t<\/div>\n\t\t<\/div>\n\t\t\t\t\t<\/div>\n\t\t<\/section>\n\t\t\t\t<section class=\"elementor-section elementor-top-section elementor-element elementor-element-d836a54 elementor-section-full_width elementor-hidden-desktop elementor-hidden-tablet elementor-hidden-mobile elementor-section-height-default elementor-section-height-default\" data-id=\"d836a54\" data-element_type=\"section\" data-e-type=\"section\" data-settings=\"{&quot;background_background&quot;:&quot;classic&quot;}\">\n\t\t\t\t\t\t<div class=\"elementor-container elementor-column-gap-default\">\n\t\t\t\t\t<div class=\"elementor-column elementor-col-100 elementor-top-column elementor-element elementor-element-5aa6c68\" data-id=\"5aa6c68\" data-element_type=\"column\" data-e-type=\"column\">\n\t\t\t<div class=\"elementor-widget-wrap elementor-element-populated\">\n\t\t\t\t\t\t<div class=\"elementor-element elementor-element-f8bb8e6 elementor-widget elementor-widget-image\" data-id=\"f8bb8e6\" data-element_type=\"widget\" data-e-type=\"widget\" data-widget_type=\"image.default\">\n\t\t\t\t<div class=\"elementor-widget-container\">\n\t\t\t\t\t\t\t\t\t\t\t\t\t\t\t\t<a href=\"https:\/\/www.teseracto4d.es\/de\/guia-quirurgica\/\">\n\t\t\t\t\t\t\t<img fetchpriority=\"high\" decoding=\"async\" width=\"2473\" height=\"1854\" src=\"https:\/\/www.teseracto4d.es\/wp-content\/uploads\/2023\/04\/guias1.png\" class=\"attachment-full size-full wp-image-4410\" alt=\"\" srcset=\"https:\/\/www.teseracto4d.es\/wp-content\/uploads\/2023\/04\/guias1.png 2473w, https:\/\/www.teseracto4d.es\/wp-content\/uploads\/2023\/04\/guias1-300x225.png 300w, https:\/\/www.teseracto4d.es\/wp-content\/uploads\/2023\/04\/guias1-1024x768.png 1024w, https:\/\/www.teseracto4d.es\/wp-content\/uploads\/2023\/04\/guias1-768x576.png 768w, https:\/\/www.teseracto4d.es\/wp-content\/uploads\/2023\/04\/guias1-1536x1152.png 1536w, https:\/\/www.teseracto4d.es\/wp-content\/uploads\/2023\/04\/guias1-2048x1535.png 2048w, https:\/\/www.teseracto4d.es\/wp-content\/uploads\/2023\/04\/guias1-1320x990.png 1320w\" sizes=\"(max-width: 2473px) 100vw, 2473px\" \/>\t\t\t\t\t\t\t\t<\/a>\n\t\t\t\t\t\t\t\t\t\t\t\t\t\t\t<\/div>\n\t\t\t\t<\/div>\n\t\t\t\t\t<\/div>\n\t\t<\/div>\n\t\t\t\t\t<\/div>\n\t\t<\/section>\n\t\t\t\t<\/div>","protected":false},"excerpt":{"rendered":"<p>F\u00e9rula M\u00edchigan Gingivectom\u00eda Gu\u00eda Quir\u00fargica F\u00e9rula de reposici\u00f3n de implantes F\u00e9rula M\u00edchigan Gingivectom\u00eda F\u00e9rula de reposici\u00f3n de implantes<\/p>","protected":false},"author":1,"featured_media":0,"parent":0,"menu_order":0,"comment_status":"closed","ping_status":"closed","template":"page-templates\/template-pagebuilder-full-width.php","meta":{"_uf_show_specific_survey":0,"_uf_disable_surveys":false,"neve_meta_sidebar":"full-width","neve_meta_container":"","neve_meta_enable_content_width":"on","neve_meta_content_width":100,"neve_meta_title_alignment":"","neve_meta_author_avatar":"","neve_post_elements_order":"","neve_meta_disable_header":"","neve_meta_disable_footer":"","neve_meta_disable_title":"","_joinchat":[],"footnotes":""},"class_list":["post-3874","page","type-page","status-publish","hentry"],"yoast_head":"<!-- This site is optimized with the Yoast SEO plugin v27.5 - https:\/\/yoast.com\/product\/yoast-seo-wordpress\/ -->\n<title>F\u00e9rulas dentales - Teseracto. M\u00e1s all\u00e1 del 3D.<\/title>\n<meta name=\"description\" content=\"F\u00e9rula M\u00edchigan Gingivectom\u00eda Gu\u00eda Quir\u00fargica F\u00e9rula de reposici\u00f3n de implantes F\u00e9rula M\u00edchigan Gingivectom\u00eda F\u00e9rula de reposici\u00f3n de\" \/>\n<meta name=\"robots\" content=\"noindex, nofollow\" \/>\n<meta property=\"og:locale\" content=\"de_DE\" \/>\n<meta property=\"og:type\" content=\"article\" \/>\n<meta property=\"og:title\" content=\"F\u00e9rulas dentales - Teseracto. M\u00e1s all\u00e1 del 3D.\" \/>\n<meta property=\"og:description\" content=\"F\u00e9rula M\u00edchigan Gingivectom\u00eda Gu\u00eda Quir\u00fargica F\u00e9rula de reposici\u00f3n de implantes F\u00e9rula M\u00edchigan Gingivectom\u00eda F\u00e9rula de reposici\u00f3n de\" \/>\n<meta property=\"og:url\" content=\"https:\/\/www.teseracto4d.es\/de\/ferulas-dentales\/\" \/>\n<meta property=\"og:site_name\" content=\"Teseracto\" \/>\n<meta property=\"article:modified_time\" content=\"2025-04-04T08:12:59+00:00\" \/>\n<meta property=\"og:image\" content=\"https:\/\/www.teseracto4d.es\/wp-content\/uploads\/2023\/04\/guias1.png\" \/>\n\t<meta property=\"og:image:width\" content=\"2473\" \/>\n\t<meta property=\"og:image:height\" content=\"1854\" \/>\n\t<meta property=\"og:image:type\" content=\"image\/png\" \/>\n<meta name=\"twitter:card\" content=\"summary_large_image\" \/>\n<meta name=\"twitter:label1\" content=\"Gesch\u00e4tzte Lesezeit\" \/>\n\t<meta name=\"twitter:data1\" content=\"1\u00a0Minute\" \/>\n<script type=\"application\/ld+json\" class=\"yoast-schema-graph\">{\"@context\":\"https:\\\/\\\/schema.org\",\"@graph\":[{\"@type\":\"WebPage\",\"@id\":\"https:\\\/\\\/www.teseracto4d.es\\\/ferulas-dentales\\\/\",\"url\":\"https:\\\/\\\/www.teseracto4d.es\\\/ferulas-dentales\\\/\",\"name\":\"F\u00e9rulas dentales - Teseracto. M\u00e1s all\u00e1 del 3D.\",\"isPartOf\":{\"@id\":\"https:\\\/\\\/www.teseracto4d.es\\\/#website\"},\"primaryImageOfPage\":{\"@id\":\"https:\\\/\\\/www.teseracto4d.es\\\/ferulas-dentales\\\/#primaryimage\"},\"image\":{\"@id\":\"https:\\\/\\\/www.teseracto4d.es\\\/ferulas-dentales\\\/#primaryimage\"},\"thumbnailUrl\":\"https:\\\/\\\/www.teseracto4d.es\\\/wp-content\\\/uploads\\\/2023\\\/04\\\/guias1.png\",\"datePublished\":\"2022-03-08T17:53:19+00:00\",\"dateModified\":\"2025-04-04T08:12:59+00:00\",\"description\":\"F\u00e9rula M\u00edchigan Gingivectom\u00eda Gu\u00eda Quir\u00fargica F\u00e9rula de reposici\u00f3n de implantes F\u00e9rula M\u00edchigan Gingivectom\u00eda F\u00e9rula de reposici\u00f3n de\",\"breadcrumb\":{\"@id\":\"https:\\\/\\\/www.teseracto4d.es\\\/ferulas-dentales\\\/#breadcrumb\"},\"inLanguage\":\"de\",\"potentialAction\":[{\"@type\":\"ReadAction\",\"target\":[\"https:\\\/\\\/www.teseracto4d.es\\\/ferulas-dentales\\\/\"]}]},{\"@type\":\"ImageObject\",\"inLanguage\":\"de\",\"@id\":\"https:\\\/\\\/www.teseracto4d.es\\\/ferulas-dentales\\\/#primaryimage\",\"url\":\"https:\\\/\\\/www.teseracto4d.es\\\/wp-content\\\/uploads\\\/2023\\\/04\\\/guias1.png\",\"contentUrl\":\"https:\\\/\\\/www.teseracto4d.es\\\/wp-content\\\/uploads\\\/2023\\\/04\\\/guias1.png\"},{\"@type\":\"BreadcrumbList\",\"@id\":\"https:\\\/\\\/www.teseracto4d.es\\\/ferulas-dentales\\\/#breadcrumb\",\"itemListElement\":[{\"@type\":\"ListItem\",\"position\":1,\"name\":\"Portada\",\"item\":\"https:\\\/\\\/www.teseracto4d.es\\\/\"},{\"@type\":\"ListItem\",\"position\":2,\"name\":\"F\u00e9rulas dentales\"}]},{\"@type\":\"WebSite\",\"@id\":\"https:\\\/\\\/www.teseracto4d.es\\\/#website\",\"url\":\"https:\\\/\\\/www.teseracto4d.es\\\/\",\"name\":\"Teseracto\",\"description\":\"impresion 3d dental\",\"publisher\":{\"@id\":\"https:\\\/\\\/www.teseracto4d.es\\\/#organization\"},\"potentialAction\":[{\"@type\":\"SearchAction\",\"target\":{\"@type\":\"EntryPoint\",\"urlTemplate\":\"https:\\\/\\\/www.teseracto4d.es\\\/?s={search_term_string}\"},\"query-input\":{\"@type\":\"PropertyValueSpecification\",\"valueRequired\":true,\"valueName\":\"search_term_string\"}}],\"inLanguage\":\"de\"},{\"@type\":\"Organization\",\"@id\":\"https:\\\/\\\/www.teseracto4d.es\\\/#organization\",\"name\":\"Teseracto\",\"url\":\"https:\\\/\\\/www.teseracto4d.es\\\/\",\"logo\":{\"@type\":\"ImageObject\",\"inLanguage\":\"de\",\"@id\":\"https:\\\/\\\/www.teseracto4d.es\\\/#\\\/schema\\\/logo\\\/image\\\/\",\"url\":\"https:\\\/\\\/www.teseracto4d.es\\\/wp-content\\\/uploads\\\/2019\\\/02\\\/cropped-Logo-definitivo.jpg\",\"contentUrl\":\"https:\\\/\\\/www.teseracto4d.es\\\/wp-content\\\/uploads\\\/2019\\\/02\\\/cropped-Logo-definitivo.jpg\",\"width\":1920,\"height\":538,\"caption\":\"Teseracto\"},\"image\":{\"@id\":\"https:\\\/\\\/www.teseracto4d.es\\\/#\\\/schema\\\/logo\\\/image\\\/\"}}]}<\/script>\n<!-- \/ Yoast SEO plugin. -->","yoast_head_json":{"title":"F\u00e9rulas dentales - Teseracto. M\u00e1s all\u00e1 del 3D.","description":"F\u00e9rula M\u00edchigan Gingivectom\u00eda Gu\u00eda Quir\u00fargica F\u00e9rula de reposici\u00f3n de implantes F\u00e9rula M\u00edchigan Gingivectom\u00eda F\u00e9rula de reposici\u00f3n de","robots":{"index":"noindex","follow":"nofollow"},"og_locale":"de_DE","og_type":"article","og_title":"F\u00e9rulas dentales - Teseracto. M\u00e1s all\u00e1 del 3D.","og_description":"F\u00e9rula M\u00edchigan Gingivectom\u00eda Gu\u00eda Quir\u00fargica F\u00e9rula de reposici\u00f3n de implantes F\u00e9rula M\u00edchigan Gingivectom\u00eda F\u00e9rula de reposici\u00f3n de","og_url":"https:\/\/www.teseracto4d.es\/de\/ferulas-dentales\/","og_site_name":"Teseracto","article_modified_time":"2025-04-04T08:12:59+00:00","og_image":[{"width":2473,"height":1854,"url":"https:\/\/www.teseracto4d.es\/wp-content\/uploads\/2023\/04\/guias1.png","type":"image\/png"}],"twitter_card":"summary_large_image","twitter_misc":{"Gesch\u00e4tzte Lesezeit":"1\u00a0Minute"},"schema":{"@context":"https:\/\/schema.org","@graph":[{"@type":"WebPage","@id":"https:\/\/www.teseracto4d.es\/ferulas-dentales\/","url":"https:\/\/www.teseracto4d.es\/ferulas-dentales\/","name":"F\u00e9rulas dentales - Teseracto. M\u00e1s all\u00e1 del 3D.","isPartOf":{"@id":"https:\/\/www.teseracto4d.es\/#website"},"primaryImageOfPage":{"@id":"https:\/\/www.teseracto4d.es\/ferulas-dentales\/#primaryimage"},"image":{"@id":"https:\/\/www.teseracto4d.es\/ferulas-dentales\/#primaryimage"},"thumbnailUrl":"https:\/\/www.teseracto4d.es\/wp-content\/uploads\/2023\/04\/guias1.png","datePublished":"2022-03-08T17:53:19+00:00","dateModified":"2025-04-04T08:12:59+00:00","description":"F\u00e9rula M\u00edchigan Gingivectom\u00eda Gu\u00eda Quir\u00fargica F\u00e9rula de reposici\u00f3n de implantes F\u00e9rula M\u00edchigan Gingivectom\u00eda F\u00e9rula de reposici\u00f3n de","breadcrumb":{"@id":"https:\/\/www.teseracto4d.es\/ferulas-dentales\/#breadcrumb"},"inLanguage":"de","potentialAction":[{"@type":"ReadAction","target":["https:\/\/www.teseracto4d.es\/ferulas-dentales\/"]}]},{"@type":"ImageObject","inLanguage":"de","@id":"https:\/\/www.teseracto4d.es\/ferulas-dentales\/#primaryimage","url":"https:\/\/www.teseracto4d.es\/wp-content\/uploads\/2023\/04\/guias1.png","contentUrl":"https:\/\/www.teseracto4d.es\/wp-content\/uploads\/2023\/04\/guias1.png"},{"@type":"BreadcrumbList","@id":"https:\/\/www.teseracto4d.es\/ferulas-dentales\/#breadcrumb","itemListElement":[{"@type":"ListItem","position":1,"name":"Portada","item":"https:\/\/www.teseracto4d.es\/"},{"@type":"ListItem","position":2,"name":"F\u00e9rulas dentales"}]},{"@type":"WebSite","@id":"https:\/\/www.teseracto4d.es\/#website","url":"https:\/\/www.teseracto4d.es\/","name":"Tesserakt","description":"impresion 3d dental","publisher":{"@id":"https:\/\/www.teseracto4d.es\/#organization"},"potentialAction":[{"@type":"SearchAction","target":{"@type":"EntryPoint","urlTemplate":"https:\/\/www.teseracto4d.es\/?s={search_term_string}"},"query-input":{"@type":"PropertyValueSpecification","valueRequired":true,"valueName":"search_term_string"}}],"inLanguage":"de"},{"@type":"Organization","@id":"https:\/\/www.teseracto4d.es\/#organization","name":"Tesserakt","url":"https:\/\/www.teseracto4d.es\/","logo":{"@type":"ImageObject","inLanguage":"de","@id":"https:\/\/www.teseracto4d.es\/#\/schema\/logo\/image\/","url":"https:\/\/www.teseracto4d.es\/wp-content\/uploads\/2019\/02\/cropped-Logo-definitivo.jpg","contentUrl":"https:\/\/www.teseracto4d.es\/wp-content\/uploads\/2019\/02\/cropped-Logo-definitivo.jpg","width":1920,"height":538,"caption":"Teseracto"},"image":{"@id":"https:\/\/www.teseracto4d.es\/#\/schema\/logo\/image\/"}}]}},"_links":{"self":[{"href":"https:\/\/www.teseracto4d.es\/de\/wp-json\/wp\/v2\/pages\/3874","targetHints":{"allow":["GET"]}}],"collection":[{"href":"https:\/\/www.teseracto4d.es\/de\/wp-json\/wp\/v2\/pages"}],"about":[{"href":"https:\/\/www.teseracto4d.es\/de\/wp-json\/wp\/v2\/types\/page"}],"author":[{"embeddable":true,"href":"https:\/\/www.teseracto4d.es\/de\/wp-json\/wp\/v2\/users\/1"}],"replies":[{"embeddable":true,"href":"https:\/\/www.teseracto4d.es\/de\/wp-json\/wp\/v2\/comments?post=3874"}],"version-history":[{"count":34,"href":"https:\/\/www.teseracto4d.es\/de\/wp-json\/wp\/v2\/pages\/3874\/revisions"}],"predecessor-version":[{"id":6492,"href":"https:\/\/www.teseracto4d.es\/de\/wp-json\/wp\/v2\/pages\/3874\/revisions\/6492"}],"wp:attachment":[{"href":"https:\/\/www.teseracto4d.es\/de\/wp-json\/wp\/v2\/media?parent=3874"}],"curies":[{"name":"wp","href":"https:\/\/api.w.org\/{rel}","templated":true}]}}