{"id":6485,"date":"2025-04-04T08:09:54","date_gmt":"2025-04-04T08:09:54","guid":{"rendered":"https:\/\/www.teseracto4d.es\/?page_id=6485"},"modified":"2026-03-25T12:13:40","modified_gmt":"2026-03-25T12:13:40","slug":"pedidos-de-guia-quirurgica","status":"publish","type":"page","link":"https:\/\/www.teseracto4d.es\/de\/pedidos-de-guia-quirurgica\/","title":{"rendered":"Pedidos de gu\u00eda quir\u00fargica"},"content":{"rendered":"<div data-elementor-type=\"wp-page\" data-elementor-id=\"6485\" class=\"elementor elementor-6485\" data-elementor-post-type=\"page\">\n\t\t\t\t\t\t<section class=\"elementor-section elementor-top-section elementor-element elementor-element-a0d803a elementor-section-full_width elementor-section-height-default elementor-section-height-default\" data-id=\"a0d803a\" data-element_type=\"section\" data-e-type=\"section\" data-settings=\"{&quot;background_background&quot;:&quot;classic&quot;}\">\n\t\t\t\t\t\t<div class=\"elementor-container elementor-column-gap-default\">\n\t\t\t\t\t<div class=\"elementor-column elementor-col-100 elementor-top-column elementor-element elementor-element-1199fe6\" data-id=\"1199fe6\" data-element_type=\"column\" data-e-type=\"column\">\n\t\t\t<div class=\"elementor-widget-wrap elementor-element-populated\">\n\t\t\t\t\t\t<div class=\"elementor-element elementor-element-13a8434 elementor-widget elementor-widget-text-editor\" data-id=\"13a8434\" data-element_type=\"widget\" data-e-type=\"widget\" data-widget_type=\"text-editor.default\">\n\t\t\t\t<div class=\"elementor-widget-container\">\n\t\t\t\t\t\t\t\t\t<p style=\"text-align: center;\"><strong>Chirurgische Anleitung<\/strong><\/p>\t\t\t\t\t\t\t\t<\/div>\n\t\t\t\t<\/div>\n\t\t\t\t<div class=\"elementor-element elementor-element-dab1f3b elementor-widget-divider--view-line elementor-widget elementor-widget-divider\" data-id=\"dab1f3b\" data-element_type=\"widget\" data-e-type=\"widget\" data-widget_type=\"divider.default\">\n\t\t\t\t<div class=\"elementor-widget-container\">\n\t\t\t\t\t\t\t<div class=\"elementor-divider\">\n\t\t\t<span class=\"elementor-divider-separator\">\n\t\t\t\t\t\t<\/span>\n\t\t<\/div>\n\t\t\t\t\t\t<\/div>\n\t\t\t\t<\/div>\n\t\t\t\t<div class=\"elementor-element elementor-element-d183103 elementor-widget elementor-widget-image\" data-id=\"d183103\" data-element_type=\"widget\" data-e-type=\"widget\" data-widget_type=\"image.default\">\n\t\t\t\t<div class=\"elementor-widget-container\">\n\t\t\t\t\t\t\t\t\t\t\t\t\t\t\t<img decoding=\"async\" src=\"https:\/\/www.teseracto4d.es\/wp-content\/uploads\/elementor\/thumbs\/guias1-q5ku6ygplfl1c9bxeqz44b362qq3qudd5j3wuplzey.png\" title=\"Anleitungen1\" alt=\"guias1\" loading=\"lazy\" \/>\t\t\t\t\t\t\t\t\t\t\t\t\t\t\t<\/div>\n\t\t\t\t<\/div>\n\t\t\t\t<div class=\"elementor-element elementor-element-42a2449 elementor-widget elementor-widget-text-editor\" data-id=\"42a2449\" data-element_type=\"widget\" data-e-type=\"widget\" data-widget_type=\"text-editor.default\">\n\t\t\t\t<div class=\"elementor-widget-container\">\n\t\t\t\t\t\t\t\t\t<p style=\"text-align: center;\"><p class=\"wpcf7-subscribers-only\">Este formulario de contacto solo est\u00e1 disponible para usuarios registrados.<\/p><\/p>\t\t\t\t\t\t\t\t<\/div>\n\t\t\t\t<\/div>\n\t\t\t\t\t<\/div>\n\t\t<\/div>\n\t\t\t\t\t<\/div>\n\t\t<\/section>\n\t\t\t\t<section class=\"elementor-section elementor-top-section elementor-element elementor-element-6d807bf elementor-section-boxed elementor-section-height-default elementor-section-height-default\" data-id=\"6d807bf\" data-element_type=\"section\" data-e-type=\"section\">\n\t\t\t\t\t\t<div class=\"elementor-container elementor-column-gap-default\">\n\t\t\t\t\t<div class=\"elementor-column elementor-col-100 elementor-top-column elementor-element elementor-element-50ba9af\" data-id=\"50ba9af\" data-element_type=\"column\" data-e-type=\"column\">\n\t\t\t<div class=\"elementor-widget-wrap elementor-element-populated\">\n\t\t\t\t\t\t<section class=\"elementor-section elementor-inner-section elementor-element elementor-element-173bb2b elementor-section-boxed elementor-section-height-default elementor-section-height-default\" data-id=\"173bb2b\" data-element_type=\"section\" data-e-type=\"section\">\n\t\t\t\t\t\t<div class=\"elementor-container elementor-column-gap-wider\">\n\t\t\t\t\t<div class=\"elementor-column elementor-col-100 elementor-inner-column elementor-element elementor-element-7c28e8e\" data-id=\"7c28e8e\" data-element_type=\"column\" data-e-type=\"column\">\n\t\t\t<div class=\"elementor-widget-wrap elementor-element-populated\">\n\t\t\t\t\t\t<div class=\"elementor-element elementor-element-086790c elementor-view-framed elementor-position-inline-start elementor-shape-circle elementor-mobile-position-block-start elementor-widget elementor-widget-icon-box\" data-id=\"086790c\" data-element_type=\"widget\" data-e-type=\"widget\" data-widget_type=\"icon-box.default\">\n\t\t\t\t<div class=\"elementor-widget-container\">\n\t\t\t\t\t\t\t<div class=\"elementor-icon-box-wrapper\">\n\n\t\t\t\t\t\t<div class=\"elementor-icon-box-icon\">\n\t\t\t\t<span  class=\"elementor-icon elementor-animation-grow\">\n\t\t\t\t<i aria-hidden=\"true\" class=\"fas fa-info\"><\/i>\t\t\t\t<\/span>\n\t\t\t<\/div>\n\t\t\t\n\t\t\t\t\t\t<div class=\"elementor-icon-box-content\">\n\n\t\t\t\t\t\t\t\t\t<h3 class=\"elementor-icon-box-title\">\n\t\t\t\t\t\t<span  >\n\t\t\t\t\t\t\tWarnhinweise\t\t\t\t\t\t<\/span>\n\t\t\t\t\t<\/h3>\n\t\t\t\t\n\t\t\t\t\n\t\t\t<\/div>\n\t\t\t\n\t\t<\/div>\n\t\t\t\t\t\t<\/div>\n\t\t\t\t<\/div>\n\t\t\t\t<div class=\"elementor-element elementor-element-a9dea9b elementor-widget elementor-widget-text-editor\" data-id=\"a9dea9b\" data-element_type=\"widget\" data-e-type=\"widget\" data-widget_type=\"text-editor.default\">\n\t\t\t\t<div class=\"elementor-widget-container\">\n\t\t\t\t\t\t\t\t\t<p>Teseracto ist nicht f\u00fcr etwaige Fehler oder M\u00e4ngel jeglicher Art an den hergestellten Teilen verantwortlich, wenn diese auf Fehler in den vom Vertragsunternehmen bereitgestellten digitalen Dateien oder auf die falsche Platzierung von Analoga bei anderen Systemen als den Analoga der Marke IPD zur\u00fcckzuf\u00fchren sind.<\/p><p>Mehrwertsteuer in allen angezeigten Preisen enthalten<\/p>\t\t\t\t\t\t\t\t<\/div>\n\t\t\t\t<\/div>\n\t\t\t\t\t<\/div>\n\t\t<\/div>\n\t\t\t\t\t<\/div>\n\t\t<\/section>\n\t\t\t\t\t<\/div>\n\t\t<\/div>\n\t\t\t\t\t<\/div>\n\t\t<\/section>\n\t\t\t\t<\/div>","protected":false},"excerpt":{"rendered":"<p>Gu\u00eda quir\u00fargica Advertencias Teseracto no se hace responsable de fallos o defectos de cualquier \u00edndole que pudiesen presentar las piezas fabricadas cuando los mismos se derivasen de errores en archivos digitales facilitados por la empresa contratante ni tampoco de la incorrecta ubicaci\u00f3n de an\u00e1logos con sistemas diferentes a los an\u00e1logos de la marca IPD IVA&hellip;&nbsp;<a href=\"https:\/\/www.teseracto4d.es\/de\/pedidos-de-guia-quirurgica\/\" rel=\"bookmark\">Weiterlesen &raquo;<span class=\"screen-reader-text\">Pedidos de gu\u00eda quir\u00fargica<\/span><\/a><\/p>","protected":false},"author":1,"featured_media":0,"parent":0,"menu_order":0,"comment_status":"closed","ping_status":"closed","template":"page-templates\/template-pagebuilder-full-width.php","meta":{"_uf_show_specific_survey":0,"_uf_disable_surveys":false,"neve_meta_sidebar":"","neve_meta_container":"","neve_meta_enable_content_width":"","neve_meta_content_width":0,"neve_meta_title_alignment":"","neve_meta_author_avatar":"","neve_post_elements_order":"","neve_meta_disable_header":"","neve_meta_disable_footer":"","neve_meta_disable_title":"","_joinchat":[],"footnotes":""},"class_list":["post-6485","page","type-page","status-publish","hentry"],"yoast_head":"<!-- This site is optimized with the Yoast SEO plugin v27.5 - https:\/\/yoast.com\/product\/yoast-seo-wordpress\/ -->\n<title>Pedidos de gu\u00eda quir\u00fargica - Teseracto. M\u00e1s all\u00e1 del 3D.<\/title>\n<meta name=\"description\" content=\"Gu\u00eda quir\u00fargica Advertencias Teseracto no se hace responsable de fallos o defectos de cualquier \u00edndole que pudiesen presentar las piezas fabricadas cuando\" \/>\n<meta name=\"robots\" content=\"noindex, nofollow\" \/>\n<meta property=\"og:locale\" content=\"de_DE\" \/>\n<meta property=\"og:type\" content=\"article\" \/>\n<meta property=\"og:title\" content=\"Pedidos de gu\u00eda quir\u00fargica - Teseracto. M\u00e1s all\u00e1 del 3D.\" \/>\n<meta property=\"og:description\" content=\"Gu\u00eda quir\u00fargica Advertencias Teseracto no se hace responsable de fallos o defectos de cualquier \u00edndole que pudiesen presentar las piezas fabricadas cuando\" \/>\n<meta property=\"og:url\" content=\"https:\/\/www.teseracto4d.es\/de\/pedidos-de-guia-quirurgica\/\" \/>\n<meta property=\"og:site_name\" content=\"Teseracto\" \/>\n<meta property=\"article:modified_time\" content=\"2026-03-25T12:13:40+00:00\" \/>\n<meta property=\"og:image\" content=\"https:\/\/www.teseracto4d.es\/wp-content\/uploads\/elementor\/thumbs\/guias1-q5ku6ygplfl1c9bxeqz44b362qq3qudd5j3wuplzf8.png\" \/>\n<meta name=\"twitter:card\" content=\"summary_large_image\" \/>\n<meta name=\"twitter:label1\" content=\"Gesch\u00e4tzte Lesezeit\" \/>\n\t<meta name=\"twitter:data1\" content=\"2\u00a0Minuten\" \/>\n<script type=\"application\/ld+json\" class=\"yoast-schema-graph\">{\"@context\":\"https:\\\/\\\/schema.org\",\"@graph\":[{\"@type\":\"WebPage\",\"@id\":\"https:\\\/\\\/www.teseracto4d.es\\\/pedidos-de-guia-quirurgica\\\/\",\"url\":\"https:\\\/\\\/www.teseracto4d.es\\\/pedidos-de-guia-quirurgica\\\/\",\"name\":\"Pedidos de gu\u00eda quir\u00fargica - Teseracto. M\u00e1s all\u00e1 del 3D.\",\"isPartOf\":{\"@id\":\"https:\\\/\\\/www.teseracto4d.es\\\/#website\"},\"primaryImageOfPage\":{\"@id\":\"https:\\\/\\\/www.teseracto4d.es\\\/pedidos-de-guia-quirurgica\\\/#primaryimage\"},\"image\":{\"@id\":\"https:\\\/\\\/www.teseracto4d.es\\\/pedidos-de-guia-quirurgica\\\/#primaryimage\"},\"thumbnailUrl\":\"https:\\\/\\\/www.teseracto4d.es\\\/wp-content\\\/uploads\\\/elementor\\\/thumbs\\\/guias1-q5ku6ygplfl1c9bxeqz44b362qq3qudd5j3wuplzf8.png\",\"datePublished\":\"2025-04-04T08:09:54+00:00\",\"dateModified\":\"2026-03-25T12:13:40+00:00\",\"description\":\"Gu\u00eda quir\u00fargica Advertencias Teseracto no se hace responsable de fallos o defectos de cualquier \u00edndole que pudiesen presentar las piezas fabricadas cuando\",\"breadcrumb\":{\"@id\":\"https:\\\/\\\/www.teseracto4d.es\\\/pedidos-de-guia-quirurgica\\\/#breadcrumb\"},\"inLanguage\":\"de\",\"potentialAction\":[{\"@type\":\"ReadAction\",\"target\":[\"https:\\\/\\\/www.teseracto4d.es\\\/pedidos-de-guia-quirurgica\\\/\"]}]},{\"@type\":\"ImageObject\",\"inLanguage\":\"de\",\"@id\":\"https:\\\/\\\/www.teseracto4d.es\\\/pedidos-de-guia-quirurgica\\\/#primaryimage\",\"url\":\"https:\\\/\\\/www.teseracto4d.es\\\/wp-content\\\/uploads\\\/elementor\\\/thumbs\\\/guias1-q5ku6ygplfl1c9bxeqz44b362qq3qudd5j3wuplzf8.png\",\"contentUrl\":\"https:\\\/\\\/www.teseracto4d.es\\\/wp-content\\\/uploads\\\/elementor\\\/thumbs\\\/guias1-q5ku6ygplfl1c9bxeqz44b362qq3qudd5j3wuplzf8.png\"},{\"@type\":\"BreadcrumbList\",\"@id\":\"https:\\\/\\\/www.teseracto4d.es\\\/pedidos-de-guia-quirurgica\\\/#breadcrumb\",\"itemListElement\":[{\"@type\":\"ListItem\",\"position\":1,\"name\":\"Portada\",\"item\":\"https:\\\/\\\/www.teseracto4d.es\\\/\"},{\"@type\":\"ListItem\",\"position\":2,\"name\":\"Pedidos de gu\u00eda quir\u00fargica\"}]},{\"@type\":\"WebSite\",\"@id\":\"https:\\\/\\\/www.teseracto4d.es\\\/#website\",\"url\":\"https:\\\/\\\/www.teseracto4d.es\\\/\",\"name\":\"Teseracto\",\"description\":\"impresion 3d dental\",\"publisher\":{\"@id\":\"https:\\\/\\\/www.teseracto4d.es\\\/#organization\"},\"potentialAction\":[{\"@type\":\"SearchAction\",\"target\":{\"@type\":\"EntryPoint\",\"urlTemplate\":\"https:\\\/\\\/www.teseracto4d.es\\\/?s={search_term_string}\"},\"query-input\":{\"@type\":\"PropertyValueSpecification\",\"valueRequired\":true,\"valueName\":\"search_term_string\"}}],\"inLanguage\":\"de\"},{\"@type\":\"Organization\",\"@id\":\"https:\\\/\\\/www.teseracto4d.es\\\/#organization\",\"name\":\"Teseracto\",\"url\":\"https:\\\/\\\/www.teseracto4d.es\\\/\",\"logo\":{\"@type\":\"ImageObject\",\"inLanguage\":\"de\",\"@id\":\"https:\\\/\\\/www.teseracto4d.es\\\/#\\\/schema\\\/logo\\\/image\\\/\",\"url\":\"https:\\\/\\\/www.teseracto4d.es\\\/wp-content\\\/uploads\\\/2019\\\/02\\\/cropped-Logo-definitivo.jpg\",\"contentUrl\":\"https:\\\/\\\/www.teseracto4d.es\\\/wp-content\\\/uploads\\\/2019\\\/02\\\/cropped-Logo-definitivo.jpg\",\"width\":1920,\"height\":538,\"caption\":\"Teseracto\"},\"image\":{\"@id\":\"https:\\\/\\\/www.teseracto4d.es\\\/#\\\/schema\\\/logo\\\/image\\\/\"}}]}<\/script>\n<!-- \/ Yoast SEO plugin. -->","yoast_head_json":{"title":"Pedidos de gu\u00eda quir\u00fargica - Teseracto. M\u00e1s all\u00e1 del 3D.","description":"Gu\u00eda quir\u00fargica Advertencias Teseracto no se hace responsable de fallos o defectos de cualquier \u00edndole que pudiesen presentar las piezas fabricadas cuando","robots":{"index":"noindex","follow":"nofollow"},"og_locale":"de_DE","og_type":"article","og_title":"Pedidos de gu\u00eda quir\u00fargica - Teseracto. M\u00e1s all\u00e1 del 3D.","og_description":"Gu\u00eda quir\u00fargica Advertencias Teseracto no se hace responsable de fallos o defectos de cualquier \u00edndole que pudiesen presentar las piezas fabricadas cuando","og_url":"https:\/\/www.teseracto4d.es\/de\/pedidos-de-guia-quirurgica\/","og_site_name":"Teseracto","article_modified_time":"2026-03-25T12:13:40+00:00","og_image":[{"url":"https:\/\/www.teseracto4d.es\/wp-content\/uploads\/elementor\/thumbs\/guias1-q5ku6ygplfl1c9bxeqz44b362qq3qudd5j3wuplzf8.png","type":"","width":"","height":""}],"twitter_card":"summary_large_image","twitter_misc":{"Gesch\u00e4tzte Lesezeit":"2\u00a0Minuten"},"schema":{"@context":"https:\/\/schema.org","@graph":[{"@type":"WebPage","@id":"https:\/\/www.teseracto4d.es\/pedidos-de-guia-quirurgica\/","url":"https:\/\/www.teseracto4d.es\/pedidos-de-guia-quirurgica\/","name":"Pedidos de gu\u00eda quir\u00fargica - Teseracto. M\u00e1s all\u00e1 del 3D.","isPartOf":{"@id":"https:\/\/www.teseracto4d.es\/#website"},"primaryImageOfPage":{"@id":"https:\/\/www.teseracto4d.es\/pedidos-de-guia-quirurgica\/#primaryimage"},"image":{"@id":"https:\/\/www.teseracto4d.es\/pedidos-de-guia-quirurgica\/#primaryimage"},"thumbnailUrl":"https:\/\/www.teseracto4d.es\/wp-content\/uploads\/elementor\/thumbs\/guias1-q5ku6ygplfl1c9bxeqz44b362qq3qudd5j3wuplzf8.png","datePublished":"2025-04-04T08:09:54+00:00","dateModified":"2026-03-25T12:13:40+00:00","description":"Gu\u00eda quir\u00fargica Advertencias Teseracto no se hace responsable de fallos o defectos de cualquier \u00edndole que pudiesen presentar las piezas fabricadas cuando","breadcrumb":{"@id":"https:\/\/www.teseracto4d.es\/pedidos-de-guia-quirurgica\/#breadcrumb"},"inLanguage":"de","potentialAction":[{"@type":"ReadAction","target":["https:\/\/www.teseracto4d.es\/pedidos-de-guia-quirurgica\/"]}]},{"@type":"ImageObject","inLanguage":"de","@id":"https:\/\/www.teseracto4d.es\/pedidos-de-guia-quirurgica\/#primaryimage","url":"https:\/\/www.teseracto4d.es\/wp-content\/uploads\/elementor\/thumbs\/guias1-q5ku6ygplfl1c9bxeqz44b362qq3qudd5j3wuplzf8.png","contentUrl":"https:\/\/www.teseracto4d.es\/wp-content\/uploads\/elementor\/thumbs\/guias1-q5ku6ygplfl1c9bxeqz44b362qq3qudd5j3wuplzf8.png"},{"@type":"BreadcrumbList","@id":"https:\/\/www.teseracto4d.es\/pedidos-de-guia-quirurgica\/#breadcrumb","itemListElement":[{"@type":"ListItem","position":1,"name":"Portada","item":"https:\/\/www.teseracto4d.es\/"},{"@type":"ListItem","position":2,"name":"Pedidos de gu\u00eda quir\u00fargica"}]},{"@type":"WebSite","@id":"https:\/\/www.teseracto4d.es\/#website","url":"https:\/\/www.teseracto4d.es\/","name":"Tesserakt","description":"impresion 3d dental","publisher":{"@id":"https:\/\/www.teseracto4d.es\/#organization"},"potentialAction":[{"@type":"SearchAction","target":{"@type":"EntryPoint","urlTemplate":"https:\/\/www.teseracto4d.es\/?s={search_term_string}"},"query-input":{"@type":"PropertyValueSpecification","valueRequired":true,"valueName":"search_term_string"}}],"inLanguage":"de"},{"@type":"Organization","@id":"https:\/\/www.teseracto4d.es\/#organization","name":"Tesserakt","url":"https:\/\/www.teseracto4d.es\/","logo":{"@type":"ImageObject","inLanguage":"de","@id":"https:\/\/www.teseracto4d.es\/#\/schema\/logo\/image\/","url":"https:\/\/www.teseracto4d.es\/wp-content\/uploads\/2019\/02\/cropped-Logo-definitivo.jpg","contentUrl":"https:\/\/www.teseracto4d.es\/wp-content\/uploads\/2019\/02\/cropped-Logo-definitivo.jpg","width":1920,"height":538,"caption":"Teseracto"},"image":{"@id":"https:\/\/www.teseracto4d.es\/#\/schema\/logo\/image\/"}}]}},"_links":{"self":[{"href":"https:\/\/www.teseracto4d.es\/de\/wp-json\/wp\/v2\/pages\/6485","targetHints":{"allow":["GET"]}}],"collection":[{"href":"https:\/\/www.teseracto4d.es\/de\/wp-json\/wp\/v2\/pages"}],"about":[{"href":"https:\/\/www.teseracto4d.es\/de\/wp-json\/wp\/v2\/types\/page"}],"author":[{"embeddable":true,"href":"https:\/\/www.teseracto4d.es\/de\/wp-json\/wp\/v2\/users\/1"}],"replies":[{"embeddable":true,"href":"https:\/\/www.teseracto4d.es\/de\/wp-json\/wp\/v2\/comments?post=6485"}],"version-history":[{"count":7,"href":"https:\/\/www.teseracto4d.es\/de\/wp-json\/wp\/v2\/pages\/6485\/revisions"}],"predecessor-version":[{"id":10465,"href":"https:\/\/www.teseracto4d.es\/de\/wp-json\/wp\/v2\/pages\/6485\/revisions\/10465"}],"wp:attachment":[{"href":"https:\/\/www.teseracto4d.es\/de\/wp-json\/wp\/v2\/media?parent=6485"}],"curies":[{"name":"wp","href":"https:\/\/api.w.org\/{rel}","templated":true}]}}