{"id":722,"date":"2019-02-07T16:22:29","date_gmt":"2019-02-07T16:22:29","guid":{"rendered":"https:\/\/www.teseracto4d.es\/forgot-password\/"},"modified":"2025-01-20T14:43:01","modified_gmt":"2025-01-20T14:43:01","slug":"forgot-password","status":"publish","type":"page","link":"https:\/\/www.teseracto4d.es\/de\/forgot-password\/","title":{"rendered":"Forgot Password"},"content":{"rendered":"<div data-elementor-type=\"wp-post\" data-elementor-id=\"722\" class=\"elementor elementor-722\" data-elementor-post-type=\"page\">\n\t\t\t\t\t\t<section class=\"elementor-section elementor-top-section elementor-element elementor-element-2164c5d elementor-section-boxed elementor-section-height-default elementor-section-height-default\" data-id=\"2164c5d\" data-element_type=\"section\" data-e-type=\"section\" data-settings=\"{&quot;background_background&quot;:&quot;classic&quot;}\">\n\t\t\t\t\t\t<div class=\"elementor-container elementor-column-gap-default\">\n\t\t\t\t\t<div class=\"elementor-column elementor-col-100 elementor-top-column elementor-element elementor-element-811cfa9\" data-id=\"811cfa9\" data-element_type=\"column\" data-e-type=\"column\">\n\t\t\t<div class=\"elementor-widget-wrap elementor-element-populated\">\n\t\t\t\t\t\t<div class=\"elementor-element elementor-element-851ec44 elementor-widget elementor-widget-spacer\" data-id=\"851ec44\" data-element_type=\"widget\" data-e-type=\"widget\" data-widget_type=\"spacer.default\">\n\t\t\t\t<div class=\"elementor-widget-container\">\n\t\t\t\t\t\t\t<div class=\"elementor-spacer\">\n\t\t\t<div class=\"elementor-spacer-inner\"><\/div>\n\t\t<\/div>\n\t\t\t\t\t\t<\/div>\n\t\t\t\t<\/div>\n\t\t\t\t<div class=\"elementor-element elementor-element-a3822f4 elementor-widget elementor-widget-heading\" data-id=\"a3822f4\" data-element_type=\"widget\" data-e-type=\"widget\" data-widget_type=\"heading.default\">\n\t\t\t\t<div class=\"elementor-widget-container\">\n\t\t\t\t\t<h2 class=\"elementor-heading-title elementor-size-default\">Setze dein Passwort zur\u00fcck<\/h2>\t\t\t\t<\/div>\n\t\t\t\t<\/div>\n\t\t\t\t<div class=\"elementor-element elementor-element-dadb1df elementor-widget-divider--view-line elementor-widget elementor-widget-divider\" data-id=\"dadb1df\" data-element_type=\"widget\" data-e-type=\"widget\" data-widget_type=\"divider.default\">\n\t\t\t\t<div class=\"elementor-widget-container\">\n\t\t\t\t\t\t\t<div class=\"elementor-divider\">\n\t\t\t<span class=\"elementor-divider-separator\">\n\t\t\t\t\t\t<\/span>\n\t\t<\/div>\n\t\t\t\t\t\t<\/div>\n\t\t\t\t<\/div>\n\t\t\t\t\t<\/div>\n\t\t<\/div>\n\t\t\t\t\t<\/div>\n\t\t<\/section>\n\t\t\t\t<section class=\"elementor-section elementor-top-section elementor-element elementor-element-13782f6a elementor-section-boxed elementor-section-height-default elementor-section-height-default\" data-id=\"13782f6a\" data-element_type=\"section\" data-e-type=\"section\" data-settings=\"{&quot;background_background&quot;:&quot;classic&quot;}\">\n\t\t\t\t\t\t<div class=\"elementor-container elementor-column-gap-default\">\n\t\t\t\t\t<div class=\"elementor-column elementor-col-100 elementor-top-column elementor-element elementor-element-4e5a8cdd\" data-id=\"4e5a8cdd\" data-element_type=\"column\" data-e-type=\"column\">\n\t\t\t<div class=\"elementor-widget-wrap elementor-element-populated\">\n\t\t\t\t\t\t<div class=\"elementor-element elementor-element-62fb2243 elementor-widget elementor-widget-shortcode\" data-id=\"62fb2243\" data-element_type=\"widget\" data-e-type=\"widget\" data-widget_type=\"shortcode.default\">\n\t\t\t\t<div class=\"elementor-widget-container\">\n\t\t\t\t\t\t\t<div class=\"elementor-shortcode\"><div class=\"um um-password um-um_password_id\">\n\t<div class=\"um-form\">\n\t\t<form method=\"post\" action=\"\" data-trp-original-action=\"\">\n\t\t\t\n\t\t\t\t<input type=\"hidden\" name=\"_um_password_reset\" id=\"_um_password_reset\" value=\"1\" \/>\n\n\t\t\t\t\t\t\t\t\t<div class=\"um-field um-field-block um-field-type_block\">\n\t\t\t\t\t\t<div class=\"um-field-block\">\n\t\t\t\t\t\t\t<div style=\"text-align:center;\">\n\t\t\t\t\t\t\t\tUm dein Passwort zur\u00fcckzusetzen, gib bitte unten deine E-Mail-Adresse oder deinen Benutzernamen ein.\t\t\t\t\t\t\t<\/div>\n\t\t\t\t\t\t<\/div>\n\t\t\t\t\t<\/div>\n\t\t\t\t\t<div  id=\"um_field_0_username_b\" class=\"um-field um-field-text  um-field-username_b um-field-text um-field-type_text\" data-key=\"username_b\"><div class=\"um-field-area\"><input  autocomplete=\"off\" class=\"um-form-field valid\" type=\"text\" name=\"username_b\" id=\"username_b\" value=\"\" placeholder=\"Gib deinen Benutzernamen oder deine E-Mail-Adresse ein\" data-validate=\"\" data-key=\"username_b\"  aria-invalid=\"false\" \/>\n\n\t\t\t\t\t\t<\/div><\/div>\t\t\t\t<div class=\"um-col-alt um-col-alt-b\">\n\t\t\t\t\t<div class=\"um-center\">\n\t\t\t\t\t\t<input type=\"submit\" value=\"Passwort zur\u00fccksetzen\" class=\"um-button\" id=\"um-submit-btn\" \/>\n\t\t\t\t\t<\/div>\n\t\t\t\t\t<div class=\"um-clear\"><\/div>\n\t\t\t\t<\/div>\n\t\t\t\t\t<input type=\"hidden\" name=\"form_id\" id=\"form_id_um_password_id\" value=\"um_password_id\" \/>\n\t\t<p class=\"um_request_name\">\n\t\t<label for=\"um_request_um_password_id\">Only fill in if you are not human<\/label>\n\t\t<input type=\"hidden\" name=\"um_request\" id=\"um_request_um_password_id\" class=\"input\" value=\"\" size=\"25\" autocomplete=\"off\" \/>\n\t<\/p>\n\t\t\t<input type=\"hidden\" name=\"trp-form-language\" value=\"de\"\/><\/form>\n\t<\/div>\n<\/div>\n<style>\n\t\t\t.um-um_password_id.um {\n\t\t\tmax-width: 450px;\n\t\t}\n\t\t<\/style>\n<\/div>\n\t\t\t\t\t\t<\/div>\n\t\t\t\t<\/div>\n\t\t\t\t\t<\/div>\n\t\t<\/div>\n\t\t\t\t\t<\/div>\n\t\t<\/section>\n\t\t\t\t<\/div>","protected":false},"excerpt":{"rendered":"<p>Setze dein Passwort zur\u00fcck<\/p>","protected":false},"author":1,"featured_media":0,"parent":0,"menu_order":0,"comment_status":"closed","ping_status":"closed","template":"elementor_header_footer","meta":{"_uf_show_specific_survey":0,"_uf_disable_surveys":false,"neve_meta_sidebar":"","neve_meta_container":"","neve_meta_enable_content_width":"","neve_meta_content_width":70,"neve_meta_title_alignment":"","neve_meta_author_avatar":"","neve_post_elements_order":"","neve_meta_disable_header":"","neve_meta_disable_footer":"","neve_meta_disable_title":"","_joinchat":[],"footnotes":""},"class_list":["post-722","page","type-page","status-publish","hentry"],"yoast_head":"<!-- This site is optimized with the Yoast SEO plugin v27.4 - https:\/\/yoast.com\/product\/yoast-seo-wordpress\/ -->\n<title>Forgot Password - Teseracto. M\u00e1s all\u00e1 del 3D.<\/title>\n<meta name=\"description\" content=\"Restablece tu contrase\u00f1a\" \/>\n<meta name=\"robots\" content=\"noindex, nofollow\" \/>\n<meta property=\"og:locale\" content=\"de_DE\" \/>\n<meta property=\"og:type\" content=\"article\" \/>\n<meta property=\"og:title\" content=\"Forgot Password - Teseracto. M\u00e1s all\u00e1 del 3D.\" \/>\n<meta property=\"og:description\" content=\"Restablece tu contrase\u00f1a\" \/>\n<meta property=\"og:url\" content=\"https:\/\/www.teseracto4d.es\/de\/forgot-password\/\" \/>\n<meta property=\"og:site_name\" content=\"Teseracto\" \/>\n<meta property=\"article:modified_time\" content=\"2025-01-20T14:43:01+00:00\" \/>\n<meta name=\"twitter:card\" content=\"summary_large_image\" \/>\n<meta name=\"twitter:label1\" content=\"Gesch\u00e4tzte Lesezeit\" \/>\n\t<meta name=\"twitter:data1\" content=\"1\u00a0Minute\" \/>\n<script type=\"application\/ld+json\" class=\"yoast-schema-graph\">{\"@context\":\"https:\\\/\\\/schema.org\",\"@graph\":[{\"@type\":\"WebPage\",\"@id\":\"https:\\\/\\\/www.teseracto4d.es\\\/forgot-password\\\/\",\"url\":\"https:\\\/\\\/www.teseracto4d.es\\\/forgot-password\\\/\",\"name\":\"Forgot Password - Teseracto. M\u00e1s all\u00e1 del 3D.\",\"isPartOf\":{\"@id\":\"https:\\\/\\\/www.teseracto4d.es\\\/#website\"},\"datePublished\":\"2019-02-07T16:22:29+00:00\",\"dateModified\":\"2025-01-20T14:43:01+00:00\",\"description\":\"Restablece tu contrase\u00f1a\",\"breadcrumb\":{\"@id\":\"https:\\\/\\\/www.teseracto4d.es\\\/forgot-password\\\/#breadcrumb\"},\"inLanguage\":\"de\",\"potentialAction\":[{\"@type\":\"ReadAction\",\"target\":[\"https:\\\/\\\/www.teseracto4d.es\\\/forgot-password\\\/\"]}]},{\"@type\":\"BreadcrumbList\",\"@id\":\"https:\\\/\\\/www.teseracto4d.es\\\/forgot-password\\\/#breadcrumb\",\"itemListElement\":[{\"@type\":\"ListItem\",\"position\":1,\"name\":\"Portada\",\"item\":\"https:\\\/\\\/www.teseracto4d.es\\\/\"},{\"@type\":\"ListItem\",\"position\":2,\"name\":\"Forgot Password\"}]},{\"@type\":\"WebSite\",\"@id\":\"https:\\\/\\\/www.teseracto4d.es\\\/#website\",\"url\":\"https:\\\/\\\/www.teseracto4d.es\\\/\",\"name\":\"Teseracto\",\"description\":\"impresion 3d dental\",\"publisher\":{\"@id\":\"https:\\\/\\\/www.teseracto4d.es\\\/#organization\"},\"potentialAction\":[{\"@type\":\"SearchAction\",\"target\":{\"@type\":\"EntryPoint\",\"urlTemplate\":\"https:\\\/\\\/www.teseracto4d.es\\\/?s={search_term_string}\"},\"query-input\":{\"@type\":\"PropertyValueSpecification\",\"valueRequired\":true,\"valueName\":\"search_term_string\"}}],\"inLanguage\":\"de\"},{\"@type\":\"Organization\",\"@id\":\"https:\\\/\\\/www.teseracto4d.es\\\/#organization\",\"name\":\"Teseracto\",\"url\":\"https:\\\/\\\/www.teseracto4d.es\\\/\",\"logo\":{\"@type\":\"ImageObject\",\"inLanguage\":\"de\",\"@id\":\"https:\\\/\\\/www.teseracto4d.es\\\/#\\\/schema\\\/logo\\\/image\\\/\",\"url\":\"https:\\\/\\\/www.teseracto4d.es\\\/wp-content\\\/uploads\\\/2019\\\/02\\\/cropped-Logo-definitivo.jpg\",\"contentUrl\":\"https:\\\/\\\/www.teseracto4d.es\\\/wp-content\\\/uploads\\\/2019\\\/02\\\/cropped-Logo-definitivo.jpg\",\"width\":1920,\"height\":538,\"caption\":\"Teseracto\"},\"image\":{\"@id\":\"https:\\\/\\\/www.teseracto4d.es\\\/#\\\/schema\\\/logo\\\/image\\\/\"}}]}<\/script>\n<!-- \/ Yoast SEO plugin. -->","yoast_head_json":{"title":"Forgot Password - Teseracto. M\u00e1s all\u00e1 del 3D.","description":"Setze dein Passwort zur\u00fcck","robots":{"index":"noindex","follow":"nofollow"},"og_locale":"de_DE","og_type":"article","og_title":"Forgot Password - Teseracto. M\u00e1s all\u00e1 del 3D.","og_description":"Restablece tu contrase\u00f1a","og_url":"https:\/\/www.teseracto4d.es\/de\/forgot-password\/","og_site_name":"Teseracto","article_modified_time":"2025-01-20T14:43:01+00:00","twitter_card":"summary_large_image","twitter_misc":{"Gesch\u00e4tzte Lesezeit":"1\u00a0Minute"},"schema":{"@context":"https:\/\/schema.org","@graph":[{"@type":"WebPage","@id":"https:\/\/www.teseracto4d.es\/forgot-password\/","url":"https:\/\/www.teseracto4d.es\/forgot-password\/","name":"Forgot Password - Teseracto. M\u00e1s all\u00e1 del 3D.","isPartOf":{"@id":"https:\/\/www.teseracto4d.es\/#website"},"datePublished":"2019-02-07T16:22:29+00:00","dateModified":"2025-01-20T14:43:01+00:00","description":"Setze dein Passwort zur\u00fcck","breadcrumb":{"@id":"https:\/\/www.teseracto4d.es\/forgot-password\/#breadcrumb"},"inLanguage":"de","potentialAction":[{"@type":"ReadAction","target":["https:\/\/www.teseracto4d.es\/forgot-password\/"]}]},{"@type":"BreadcrumbList","@id":"https:\/\/www.teseracto4d.es\/forgot-password\/#breadcrumb","itemListElement":[{"@type":"ListItem","position":1,"name":"Portada","item":"https:\/\/www.teseracto4d.es\/"},{"@type":"ListItem","position":2,"name":"Forgot Password"}]},{"@type":"WebSite","@id":"https:\/\/www.teseracto4d.es\/#website","url":"https:\/\/www.teseracto4d.es\/","name":"Tesserakt","description":"impresion 3d dental","publisher":{"@id":"https:\/\/www.teseracto4d.es\/#organization"},"potentialAction":[{"@type":"SearchAction","target":{"@type":"EntryPoint","urlTemplate":"https:\/\/www.teseracto4d.es\/?s={search_term_string}"},"query-input":{"@type":"PropertyValueSpecification","valueRequired":true,"valueName":"search_term_string"}}],"inLanguage":"de"},{"@type":"Organization","@id":"https:\/\/www.teseracto4d.es\/#organization","name":"Tesserakt","url":"https:\/\/www.teseracto4d.es\/","logo":{"@type":"ImageObject","inLanguage":"de","@id":"https:\/\/www.teseracto4d.es\/#\/schema\/logo\/image\/","url":"https:\/\/www.teseracto4d.es\/wp-content\/uploads\/2019\/02\/cropped-Logo-definitivo.jpg","contentUrl":"https:\/\/www.teseracto4d.es\/wp-content\/uploads\/2019\/02\/cropped-Logo-definitivo.jpg","width":1920,"height":538,"caption":"Teseracto"},"image":{"@id":"https:\/\/www.teseracto4d.es\/#\/schema\/logo\/image\/"}}]}},"_links":{"self":[{"href":"https:\/\/www.teseracto4d.es\/de\/wp-json\/wp\/v2\/pages\/722","targetHints":{"allow":["GET"]}}],"collection":[{"href":"https:\/\/www.teseracto4d.es\/de\/wp-json\/wp\/v2\/pages"}],"about":[{"href":"https:\/\/www.teseracto4d.es\/de\/wp-json\/wp\/v2\/types\/page"}],"author":[{"embeddable":true,"href":"https:\/\/www.teseracto4d.es\/de\/wp-json\/wp\/v2\/users\/1"}],"replies":[{"embeddable":true,"href":"https:\/\/www.teseracto4d.es\/de\/wp-json\/wp\/v2\/comments?post=722"}],"version-history":[{"count":7,"href":"https:\/\/www.teseracto4d.es\/de\/wp-json\/wp\/v2\/pages\/722\/revisions"}],"predecessor-version":[{"id":6321,"href":"https:\/\/www.teseracto4d.es\/de\/wp-json\/wp\/v2\/pages\/722\/revisions\/6321"}],"wp:attachment":[{"href":"https:\/\/www.teseracto4d.es\/de\/wp-json\/wp\/v2\/media?parent=722"}],"curies":[{"name":"wp","href":"https:\/\/api.w.org\/{rel}","templated":true}]}}