{"id":707,"date":"2019-02-06T19:16:14","date_gmt":"2019-02-06T19:16:14","guid":{"rendered":"https:\/\/www.teseracto4d.es\/?page_id=707"},"modified":"2024-03-10T10:10:56","modified_gmt":"2024-03-10T10:10:56","slug":"aviso-legal","status":"publish","type":"page","link":"https:\/\/www.teseracto4d.es\/fr\/aviso-legal\/","title":{"rendered":"Avis juridique"},"content":{"rendered":"<div data-elementor-type=\"wp-page\" data-elementor-id=\"707\" class=\"elementor elementor-707\" data-elementor-post-type=\"page\">\n\t\t\t\t\t\t<section class=\"elementor-section elementor-top-section elementor-element elementor-element-1b6c632 elementor-section-boxed elementor-section-height-default elementor-section-height-default\" data-id=\"1b6c632\" data-element_type=\"section\" data-e-type=\"section\" data-settings=\"{&quot;background_background&quot;:&quot;classic&quot;}\">\n\t\t\t\t\t\t<div class=\"elementor-container elementor-column-gap-default\">\n\t\t\t\t\t<div class=\"elementor-column elementor-col-100 elementor-top-column elementor-element elementor-element-069e226\" data-id=\"069e226\" data-element_type=\"column\" data-e-type=\"column\">\n\t\t\t<div class=\"elementor-widget-wrap elementor-element-populated\">\n\t\t\t\t\t\t<div class=\"elementor-element elementor-element-6aea3ae elementor-widget elementor-widget-heading\" data-id=\"6aea3ae\" data-element_type=\"widget\" data-e-type=\"widget\" data-widget_type=\"heading.default\">\n\t\t\t\t<div class=\"elementor-widget-container\">\n\t\t\t\t\t<h2 class=\"elementor-heading-title elementor-size-default\">Avis juridique<\/h2>\t\t\t\t<\/div>\n\t\t\t\t<\/div>\n\t\t\t\t<div class=\"elementor-element elementor-element-93ed8bf elementor-widget-divider--view-line elementor-widget elementor-widget-divider\" data-id=\"93ed8bf\" data-element_type=\"widget\" data-e-type=\"widget\" data-widget_type=\"divider.default\">\n\t\t\t\t<div class=\"elementor-widget-container\">\n\t\t\t\t\t\t\t<div class=\"elementor-divider\">\n\t\t\t<span class=\"elementor-divider-separator\">\n\t\t\t\t\t\t<\/span>\n\t\t<\/div>\n\t\t\t\t\t\t<\/div>\n\t\t\t\t<\/div>\n\t\t\t\t\t<\/div>\n\t\t<\/div>\n\t\t\t\t\t<\/div>\n\t\t<\/section>\n\t\t\t\t<section class=\"elementor-section elementor-top-section elementor-element elementor-element-2cb6c7c elementor-section-boxed elementor-section-height-default elementor-section-height-default\" data-id=\"2cb6c7c\" data-element_type=\"section\" data-e-type=\"section\" data-settings=\"{&quot;background_background&quot;:&quot;classic&quot;}\">\n\t\t\t\t\t\t<div class=\"elementor-container elementor-column-gap-default\">\n\t\t\t\t\t<div class=\"elementor-column elementor-col-100 elementor-top-column elementor-element elementor-element-c8e9617\" data-id=\"c8e9617\" data-element_type=\"column\" data-e-type=\"column\">\n\t\t\t<div class=\"elementor-widget-wrap elementor-element-populated\">\n\t\t\t\t\t\t<div class=\"elementor-element elementor-element-4030674 elementor-widget elementor-widget-text-editor\" data-id=\"4030674\" data-element_type=\"widget\" data-e-type=\"widget\" data-widget_type=\"text-editor.default\">\n\t\t\t\t<div class=\"elementor-widget-container\">\n\t\t\t\t\t\t\t\t\t<p style=\"font-weight: 400;\">Ce site Web, avec l&#039;adresse URL www.teseracto4d.es, est exploit\u00e9 par Teseracto 4D SL, dont l&#039;adresse professionnelle est situ\u00e9e Ctra Palma del R\u00edo km4 (Parque Joyero) \u2013 phase 3 nef 27 ; Cordoue \u2013 14005 et CIF B10606762. Vous pouvez obtenir plus d&#039;informations en envoyant un e-mail \u00e0 info@teseracto4d.es.<\/p>\n<p style=\"font-weight: 400;\">Les relations \u00e9tablies entre le responsable du site Web et les utilisateurs \u00e0 la suite de l&#039;utilisation des services fournis via le site Web seront r\u00e9gies par les dispositions de la r\u00e9glementation espagnole en vigueur en relation avec la l\u00e9gislation applicable et la juridiction comp\u00e9tente. Toutefois, pour les cas o\u00f9 la r\u00e9glementation en vigueur pr\u00e9voit que les parties peuvent se soumettre \u00e0 une juridiction sp\u00e9cifique, le responsable et les utilisateurs, renon\u00e7ant express\u00e9ment \u00e0 toute autre juridiction qui pourrait leur \u00eatre applicable, se soumettent \u00e0 la juridiction des Cours et Tribunaux de la ville de Cordoue.<\/p>\t\t\t\t\t\t\t\t<\/div>\n\t\t\t\t<\/div>\n\t\t\t\t\t<\/div>\n\t\t<\/div>\n\t\t\t\t\t<\/div>\n\t\t<\/section>\n\t\t\t\t<\/div>","protected":false},"excerpt":{"rendered":"<p>Aviso legal El presente Sitio Web, con direcci\u00f3n URL www.teseracto4d.es, es operado por Teseracto 4D SL, con domicilio profesional en Ctra. Palma del r\u00edo km4 (Parque Joyero) &#8211; fase 3 nave 27; C\u00f3rdoba &#8211; 14005 y CIF B10606762. Puede obtener m\u00e1s informaci\u00f3n remitiendo un correo electr\u00f3nico a la direcci\u00f3n info@teseracto4d.es. Las relaciones establecidas entre el&hellip;&nbsp;<a href=\"https:\/\/www.teseracto4d.es\/fr\/aviso-legal\/\" rel=\"bookmark\">Lire la suite &raquo;<span class=\"screen-reader-text\">Avis juridique<\/span><\/a><\/p>","protected":false},"author":1,"featured_media":0,"parent":0,"menu_order":0,"comment_status":"closed","ping_status":"closed","template":"page-templates\/template-pagebuilder-full-width.php","meta":{"_uf_show_specific_survey":0,"_uf_disable_surveys":false,"neve_meta_sidebar":"","neve_meta_container":"","neve_meta_enable_content_width":"off","neve_meta_content_width":0,"neve_meta_title_alignment":"","neve_meta_author_avatar":"","neve_post_elements_order":"","neve_meta_disable_header":"","neve_meta_disable_footer":"","neve_meta_disable_title":"","_joinchat":[],"footnotes":""},"class_list":["post-707","page","type-page","status-publish","hentry"],"yoast_head":"<!-- This site is optimized with the Yoast SEO plugin v27.5 - https:\/\/yoast.com\/product\/yoast-seo-wordpress\/ -->\n<title>Aviso legal - Teseracto. M\u00e1s all\u00e1 del 3D.<\/title>\n<meta name=\"description\" content=\"Aviso legal El presente Sitio Web, con direcci\u00f3n URL www.teseracto4d.es, es operado por Teseracto 4D SL, con domicilio profesional en Ctra. Palma del r\u00edo\" \/>\n<meta name=\"robots\" content=\"noindex, nofollow\" \/>\n<meta property=\"og:locale\" content=\"fr_FR\" \/>\n<meta property=\"og:type\" content=\"article\" \/>\n<meta property=\"og:title\" content=\"Aviso legal - Teseracto. M\u00e1s all\u00e1 del 3D.\" \/>\n<meta property=\"og:description\" content=\"Aviso legal El presente Sitio Web, con direcci\u00f3n URL www.teseracto4d.es, es operado por Teseracto 4D SL, con domicilio profesional en Ctra. Palma del r\u00edo\" \/>\n<meta property=\"og:url\" content=\"https:\/\/www.teseracto4d.es\/fr\/aviso-legal\/\" \/>\n<meta property=\"og:site_name\" content=\"Teseracto\" \/>\n<meta property=\"article:modified_time\" content=\"2024-03-10T10:10:56+00:00\" \/>\n<meta name=\"twitter:card\" content=\"summary_large_image\" \/>\n<meta name=\"twitter:label1\" content=\"Dur\u00e9e de lecture estim\u00e9e\" \/>\n\t<meta name=\"twitter:data1\" content=\"1 minute\" \/>\n<script type=\"application\/ld+json\" class=\"yoast-schema-graph\">{\"@context\":\"https:\\\/\\\/schema.org\",\"@graph\":[{\"@type\":\"WebPage\",\"@id\":\"https:\\\/\\\/www.teseracto4d.es\\\/aviso-legal\\\/\",\"url\":\"https:\\\/\\\/www.teseracto4d.es\\\/aviso-legal\\\/\",\"name\":\"Aviso legal - Teseracto. M\u00e1s all\u00e1 del 3D.\",\"isPartOf\":{\"@id\":\"https:\\\/\\\/www.teseracto4d.es\\\/#website\"},\"datePublished\":\"2019-02-06T19:16:14+00:00\",\"dateModified\":\"2024-03-10T10:10:56+00:00\",\"description\":\"Aviso legal El presente Sitio Web, con direcci\u00f3n URL www.teseracto4d.es, es operado por Teseracto 4D SL, con domicilio profesional en Ctra. Palma del r\u00edo\",\"breadcrumb\":{\"@id\":\"https:\\\/\\\/www.teseracto4d.es\\\/aviso-legal\\\/#breadcrumb\"},\"inLanguage\":\"fr-FR\",\"potentialAction\":[{\"@type\":\"ReadAction\",\"target\":[\"https:\\\/\\\/www.teseracto4d.es\\\/aviso-legal\\\/\"]}]},{\"@type\":\"BreadcrumbList\",\"@id\":\"https:\\\/\\\/www.teseracto4d.es\\\/aviso-legal\\\/#breadcrumb\",\"itemListElement\":[{\"@type\":\"ListItem\",\"position\":1,\"name\":\"Portada\",\"item\":\"https:\\\/\\\/www.teseracto4d.es\\\/\"},{\"@type\":\"ListItem\",\"position\":2,\"name\":\"Aviso legal\"}]},{\"@type\":\"WebSite\",\"@id\":\"https:\\\/\\\/www.teseracto4d.es\\\/#website\",\"url\":\"https:\\\/\\\/www.teseracto4d.es\\\/\",\"name\":\"Teseracto\",\"description\":\"impresion 3d dental\",\"publisher\":{\"@id\":\"https:\\\/\\\/www.teseracto4d.es\\\/#organization\"},\"potentialAction\":[{\"@type\":\"SearchAction\",\"target\":{\"@type\":\"EntryPoint\",\"urlTemplate\":\"https:\\\/\\\/www.teseracto4d.es\\\/?s={search_term_string}\"},\"query-input\":{\"@type\":\"PropertyValueSpecification\",\"valueRequired\":true,\"valueName\":\"search_term_string\"}}],\"inLanguage\":\"fr-FR\"},{\"@type\":\"Organization\",\"@id\":\"https:\\\/\\\/www.teseracto4d.es\\\/#organization\",\"name\":\"Teseracto\",\"url\":\"https:\\\/\\\/www.teseracto4d.es\\\/\",\"logo\":{\"@type\":\"ImageObject\",\"inLanguage\":\"fr-FR\",\"@id\":\"https:\\\/\\\/www.teseracto4d.es\\\/#\\\/schema\\\/logo\\\/image\\\/\",\"url\":\"https:\\\/\\\/www.teseracto4d.es\\\/wp-content\\\/uploads\\\/2019\\\/02\\\/cropped-Logo-definitivo.jpg\",\"contentUrl\":\"https:\\\/\\\/www.teseracto4d.es\\\/wp-content\\\/uploads\\\/2019\\\/02\\\/cropped-Logo-definitivo.jpg\",\"width\":1920,\"height\":538,\"caption\":\"Teseracto\"},\"image\":{\"@id\":\"https:\\\/\\\/www.teseracto4d.es\\\/#\\\/schema\\\/logo\\\/image\\\/\"}}]}<\/script>\n<!-- \/ Yoast SEO plugin. -->","yoast_head_json":{"title":"Aviso legal - Teseracto. M\u00e1s all\u00e1 del 3D.","description":"Aviso legal El presente Sitio Web, con direcci\u00f3n URL www.teseracto4d.es, es operado por Teseracto 4D SL, con domicilio profesional en Ctra. Palma del r\u00edo","robots":{"index":"noindex","follow":"nofollow"},"og_locale":"fr_FR","og_type":"article","og_title":"Aviso legal - Teseracto. M\u00e1s all\u00e1 del 3D.","og_description":"Aviso legal El presente Sitio Web, con direcci\u00f3n URL www.teseracto4d.es, es operado por Teseracto 4D SL, con domicilio profesional en Ctra. Palma del r\u00edo","og_url":"https:\/\/www.teseracto4d.es\/fr\/aviso-legal\/","og_site_name":"Teseracto","article_modified_time":"2024-03-10T10:10:56+00:00","twitter_card":"summary_large_image","twitter_misc":{"Dur\u00e9e de lecture estim\u00e9e":"1 minute"},"schema":{"@context":"https:\/\/schema.org","@graph":[{"@type":"WebPage","@id":"https:\/\/www.teseracto4d.es\/aviso-legal\/","url":"https:\/\/www.teseracto4d.es\/aviso-legal\/","name":"Aviso legal - Teseracto. M\u00e1s all\u00e1 del 3D.","isPartOf":{"@id":"https:\/\/www.teseracto4d.es\/#website"},"datePublished":"2019-02-06T19:16:14+00:00","dateModified":"2024-03-10T10:10:56+00:00","description":"Aviso legal El presente Sitio Web, con direcci\u00f3n URL www.teseracto4d.es, es operado por Teseracto 4D SL, con domicilio profesional en Ctra. Palma del r\u00edo","breadcrumb":{"@id":"https:\/\/www.teseracto4d.es\/aviso-legal\/#breadcrumb"},"inLanguage":"fr-FR","potentialAction":[{"@type":"ReadAction","target":["https:\/\/www.teseracto4d.es\/aviso-legal\/"]}]},{"@type":"BreadcrumbList","@id":"https:\/\/www.teseracto4d.es\/aviso-legal\/#breadcrumb","itemListElement":[{"@type":"ListItem","position":1,"name":"Portada","item":"https:\/\/www.teseracto4d.es\/"},{"@type":"ListItem","position":2,"name":"Aviso legal"}]},{"@type":"WebSite","@id":"https:\/\/www.teseracto4d.es\/#website","url":"https:\/\/www.teseracto4d.es\/","name":"Teseracto","description":"impresion 3d dental","publisher":{"@id":"https:\/\/www.teseracto4d.es\/#organization"},"potentialAction":[{"@type":"SearchAction","target":{"@type":"EntryPoint","urlTemplate":"https:\/\/www.teseracto4d.es\/?s={search_term_string}"},"query-input":{"@type":"PropertyValueSpecification","valueRequired":true,"valueName":"search_term_string"}}],"inLanguage":"fr-FR"},{"@type":"Organization","@id":"https:\/\/www.teseracto4d.es\/#organization","name":"Teseracto","url":"https:\/\/www.teseracto4d.es\/","logo":{"@type":"ImageObject","inLanguage":"fr-FR","@id":"https:\/\/www.teseracto4d.es\/#\/schema\/logo\/image\/","url":"https:\/\/www.teseracto4d.es\/wp-content\/uploads\/2019\/02\/cropped-Logo-definitivo.jpg","contentUrl":"https:\/\/www.teseracto4d.es\/wp-content\/uploads\/2019\/02\/cropped-Logo-definitivo.jpg","width":1920,"height":538,"caption":"Teseracto"},"image":{"@id":"https:\/\/www.teseracto4d.es\/#\/schema\/logo\/image\/"}}]}},"_links":{"self":[{"href":"https:\/\/www.teseracto4d.es\/fr\/wp-json\/wp\/v2\/pages\/707","targetHints":{"allow":["GET"]}}],"collection":[{"href":"https:\/\/www.teseracto4d.es\/fr\/wp-json\/wp\/v2\/pages"}],"about":[{"href":"https:\/\/www.teseracto4d.es\/fr\/wp-json\/wp\/v2\/types\/page"}],"author":[{"embeddable":true,"href":"https:\/\/www.teseracto4d.es\/fr\/wp-json\/wp\/v2\/users\/1"}],"replies":[{"embeddable":true,"href":"https:\/\/www.teseracto4d.es\/fr\/wp-json\/wp\/v2\/comments?post=707"}],"version-history":[{"count":8,"href":"https:\/\/www.teseracto4d.es\/fr\/wp-json\/wp\/v2\/pages\/707\/revisions"}],"predecessor-version":[{"id":6839,"href":"https:\/\/www.teseracto4d.es\/fr\/wp-json\/wp\/v2\/pages\/707\/revisions\/6839"}],"wp:attachment":[{"href":"https:\/\/www.teseracto4d.es\/fr\/wp-json\/wp\/v2\/media?parent=707"}],"curies":[{"name":"wp","href":"https:\/\/api.w.org\/{rel}","templated":true}]}}