{"id":1002,"date":"2019-02-26T20:08:38","date_gmt":"2019-02-26T20:08:38","guid":{"rendered":"https:\/\/www.teseracto4d.es\/?page_id=1002"},"modified":"2026-03-25T12:12:01","modified_gmt":"2026-03-25T12:12:01","slug":"pedidos-de-pruebas-esteticas-dentales","status":"publish","type":"page","link":"https:\/\/www.teseracto4d.es\/it\/pedidos-de-pruebas-esteticas-dentales\/","title":{"rendered":"Pedidos de pruebas esteticas dentales"},"content":{"rendered":"<div data-elementor-type=\"wp-post\" data-elementor-id=\"1002\" class=\"elementor elementor-1002\" data-elementor-post-type=\"page\">\n\t\t\t\t\t\t<section class=\"elementor-section elementor-top-section elementor-element elementor-element-ed6b8c2 elementor-section-full_width elementor-section-height-default elementor-section-height-default\" data-id=\"ed6b8c2\" data-element_type=\"section\" data-e-type=\"section\" data-settings=\"{&quot;background_background&quot;:&quot;classic&quot;}\">\n\t\t\t\t\t\t<div class=\"elementor-container elementor-column-gap-default\">\n\t\t\t\t\t<div class=\"elementor-column elementor-col-100 elementor-top-column elementor-element elementor-element-4e93111\" data-id=\"4e93111\" data-element_type=\"column\" data-e-type=\"column\">\n\t\t\t<div class=\"elementor-widget-wrap elementor-element-populated\">\n\t\t\t\t\t\t<div class=\"elementor-element elementor-element-86642c4 elementor-widget elementor-widget-text-editor\" data-id=\"86642c4\" data-element_type=\"widget\" data-e-type=\"widget\" data-widget_type=\"text-editor.default\">\n\t\t\t\t<div class=\"elementor-widget-container\">\n\t\t\t\t\t\t\t\t\t<p style=\"text-align: center;\"><strong>Test di vestibilit\u00e0\/cosmesi<\/strong><\/p>\t\t\t\t\t\t\t\t<\/div>\n\t\t\t\t<\/div>\n\t\t\t\t<div class=\"elementor-element elementor-element-927392b elementor-widget-divider--view-line elementor-widget elementor-widget-divider\" data-id=\"927392b\" data-element_type=\"widget\" data-e-type=\"widget\" data-widget_type=\"divider.default\">\n\t\t\t\t<div class=\"elementor-widget-container\">\n\t\t\t\t\t\t\t<div class=\"elementor-divider\">\n\t\t\t<span class=\"elementor-divider-separator\">\n\t\t\t\t\t\t<\/span>\n\t\t<\/div>\n\t\t\t\t\t\t<\/div>\n\t\t\t\t<\/div>\n\t\t\t\t<div class=\"elementor-element elementor-element-efd1d9f elementor-widget elementor-widget-image\" data-id=\"efd1d9f\" data-element_type=\"widget\" data-e-type=\"widget\" data-widget_type=\"image.default\">\n\t\t\t\t<div class=\"elementor-widget-container\">\n\t\t\t\t\t\t\t\t\t\t\t\t\t\t\t<img decoding=\"async\" src=\"https:\/\/www.teseracto4d.es\/wp-content\/uploads\/elementor\/thumbs\/estetica-1-plntvrypbzq1zywax9spkl5usg30ftcuqtc1w3qjd6.png\" title=\"estetica 1\" alt=\"estetica 1\" loading=\"lazy\" \/>\t\t\t\t\t\t\t\t\t\t\t\t\t\t\t<\/div>\n\t\t\t\t<\/div>\n\t\t\t\t<div class=\"elementor-element elementor-element-75c8821 elementor-widget elementor-widget-text-editor\" data-id=\"75c8821\" data-element_type=\"widget\" data-e-type=\"widget\" data-widget_type=\"text-editor.default\">\n\t\t\t\t<div class=\"elementor-widget-container\">\n\t\t\t\t\t\t\t\t\t<p style=\"text-align: center;\"><p class=\"wpcf7-subscribers-only\">Este formulario de contacto solo est\u00e1 disponible para usuarios registrados.<\/p><\/p>\t\t\t\t\t\t\t\t<\/div>\n\t\t\t\t<\/div>\n\t\t\t\t\t<\/div>\n\t\t<\/div>\n\t\t\t\t\t<\/div>\n\t\t<\/section>\n\t\t\t\t<section class=\"elementor-section elementor-top-section elementor-element elementor-element-a384ce3 elementor-section-height-min-height elementor-section-content-middle elementor-section-boxed elementor-section-height-default elementor-section-items-middle\" data-id=\"a384ce3\" data-element_type=\"section\" data-e-type=\"section\" data-settings=\"{&quot;background_background&quot;:&quot;classic&quot;}\">\n\t\t\t\t\t\t\t<div class=\"elementor-background-overlay\"><\/div>\n\t\t\t\t\t\t\t<div class=\"elementor-container elementor-column-gap-no\">\n\t\t\t\t\t<div class=\"elementor-column elementor-col-100 elementor-top-column elementor-element elementor-element-b7620e1\" data-id=\"b7620e1\" data-element_type=\"column\" data-e-type=\"column\">\n\t\t\t<div class=\"elementor-widget-wrap elementor-element-populated\">\n\t\t\t\t\t\t<section class=\"elementor-section elementor-inner-section elementor-element elementor-element-3efe0a5 elementor-section-boxed elementor-section-height-default elementor-section-height-default\" data-id=\"3efe0a5\" data-element_type=\"section\" data-e-type=\"section\">\n\t\t\t\t\t\t<div class=\"elementor-container elementor-column-gap-wider\">\n\t\t\t\t\t<div class=\"elementor-column elementor-col-100 elementor-inner-column elementor-element elementor-element-9bb9e02\" data-id=\"9bb9e02\" data-element_type=\"column\" data-e-type=\"column\">\n\t\t\t<div class=\"elementor-widget-wrap elementor-element-populated\">\n\t\t\t\t\t\t<div class=\"elementor-element elementor-element-34dd992 elementor-view-framed elementor-position-inline-start elementor-shape-circle elementor-mobile-position-block-start elementor-widget elementor-widget-icon-box\" data-id=\"34dd992\" data-element_type=\"widget\" data-e-type=\"widget\" data-widget_type=\"icon-box.default\">\n\t\t\t\t<div class=\"elementor-widget-container\">\n\t\t\t\t\t\t\t<div class=\"elementor-icon-box-wrapper\">\n\n\t\t\t\t\t\t<div class=\"elementor-icon-box-icon\">\n\t\t\t\t<span  class=\"elementor-icon elementor-animation-grow\">\n\t\t\t\t<i aria-hidden=\"true\" class=\"fas fa-info\"><\/i>\t\t\t\t<\/span>\n\t\t\t<\/div>\n\t\t\t\n\t\t\t\t\t\t<div class=\"elementor-icon-box-content\">\n\n\t\t\t\t\t\t\t\t\t<h3 class=\"elementor-icon-box-title\">\n\t\t\t\t\t\t<span  >\n\t\t\t\t\t\t\tAvvertenze\t\t\t\t\t\t<\/span>\n\t\t\t\t\t<\/h3>\n\t\t\t\t\n\t\t\t\t\n\t\t\t<\/div>\n\t\t\t\n\t\t<\/div>\n\t\t\t\t\t\t<\/div>\n\t\t\t\t<\/div>\n\t\t\t\t<div class=\"elementor-element elementor-element-d632b2f elementor-widget elementor-widget-text-editor\" data-id=\"d632b2f\" data-element_type=\"widget\" data-e-type=\"widget\" data-widget_type=\"text-editor.default\">\n\t\t\t\t<div class=\"elementor-widget-container\">\n\t\t\t\t\t\t\t\t\t<p>Teseracto non \u00e8 responsabile di eventuali guasti o difetti di qualsiasi natura che dovessero presentare i pezzi prodotti quando questi derivino da errori nei file digitali forniti dalla ditta appaltatrice o dall&#039;errata collocazione degli analoghi con sistemi diversi dagli analoghi a marchio IPD.<\/p><p>IVA inclusa in tutti i prezzi indicati<\/p>\t\t\t\t\t\t\t\t<\/div>\n\t\t\t\t<\/div>\n\t\t\t\t\t<\/div>\n\t\t<\/div>\n\t\t\t\t\t<\/div>\n\t\t<\/section>\n\t\t\t\t\t<\/div>\n\t\t<\/div>\n\t\t\t\t\t<\/div>\n\t\t<\/section>\n\t\t\t\t<\/div>","protected":false},"excerpt":{"rendered":"<p>Prueba de ajuste \/ est\u00e9tica Advertencias Teseracto no se hace responsable de fallos o defectos de cualquier \u00edndole que pudiesen presentar las piezas fabricadas cuando los mismos se derivasen de errores en archivos digitales facilitados por la empresa contratante ni tampoco de la incorrecta ubicaci\u00f3n de an\u00e1logos con sistemas diferentes a los an\u00e1logos de la&hellip;&nbsp;<a href=\"https:\/\/www.teseracto4d.es\/it\/pedidos-de-pruebas-esteticas-dentales\/\" rel=\"bookmark\">Leggi tutto &raquo;<span class=\"screen-reader-text\">Pedidos de pruebas esteticas dentales<\/span><\/a><\/p>","protected":false},"author":1,"featured_media":0,"parent":0,"menu_order":0,"comment_status":"closed","ping_status":"closed","template":"elementor_header_footer","meta":{"_uf_show_specific_survey":0,"_uf_disable_surveys":false,"neve_meta_sidebar":"","neve_meta_container":"","neve_meta_enable_content_width":"","neve_meta_content_width":70,"neve_meta_title_alignment":"","neve_meta_author_avatar":"","neve_post_elements_order":"","neve_meta_disable_header":"","neve_meta_disable_footer":"","neve_meta_disable_title":"","_joinchat":[],"footnotes":""},"class_list":["post-1002","page","type-page","status-publish","hentry"],"yoast_head":"<!-- This site is optimized with the Yoast SEO plugin v27.4 - https:\/\/yoast.com\/product\/yoast-seo-wordpress\/ -->\n<title>Pedidos de pruebas esteticas dentales - Teseracto. M\u00e1s all\u00e1 del 3D.<\/title>\n<meta name=\"description\" content=\"Prueba de ajuste \/ est\u00e9tica Advertencias Teseracto no se hace responsable de fallos o defectos de cualquier \u00edndole que pudiesen presentar las piezas\" \/>\n<meta name=\"robots\" content=\"noindex, nofollow\" \/>\n<meta property=\"og:locale\" content=\"it_IT\" \/>\n<meta property=\"og:type\" content=\"article\" \/>\n<meta property=\"og:title\" content=\"Pedidos de pruebas esteticas dentales - Teseracto. M\u00e1s all\u00e1 del 3D.\" \/>\n<meta property=\"og:description\" content=\"Prueba de ajuste \/ est\u00e9tica Advertencias Teseracto no se hace responsable de fallos o defectos de cualquier \u00edndole que pudiesen presentar las piezas\" \/>\n<meta property=\"og:url\" content=\"https:\/\/www.teseracto4d.es\/it\/pedidos-de-pruebas-esteticas-dentales\/\" \/>\n<meta property=\"og:site_name\" content=\"Teseracto\" \/>\n<meta property=\"article:modified_time\" content=\"2026-03-25T12:12:01+00:00\" \/>\n<meta property=\"og:image\" content=\"https:\/\/www.teseracto4d.es\/wp-content\/uploads\/elementor\/thumbs\/estetica-1-plntvrypbzq1zywax9spkl5usg30ftcuqtc1w3qjdg.png\" \/>\n<meta name=\"twitter:card\" content=\"summary_large_image\" \/>\n<meta name=\"twitter:label1\" content=\"Tempo di lettura stimato\" \/>\n\t<meta name=\"twitter:data1\" content=\"2 minuti\" \/>\n<script type=\"application\/ld+json\" class=\"yoast-schema-graph\">{\"@context\":\"https:\\\/\\\/schema.org\",\"@graph\":[{\"@type\":\"WebPage\",\"@id\":\"https:\\\/\\\/www.teseracto4d.es\\\/pedidos-de-pruebas-esteticas-dentales\\\/\",\"url\":\"https:\\\/\\\/www.teseracto4d.es\\\/pedidos-de-pruebas-esteticas-dentales\\\/\",\"name\":\"Pedidos de pruebas esteticas dentales - Teseracto. M\u00e1s all\u00e1 del 3D.\",\"isPartOf\":{\"@id\":\"https:\\\/\\\/www.teseracto4d.es\\\/#website\"},\"primaryImageOfPage\":{\"@id\":\"https:\\\/\\\/www.teseracto4d.es\\\/pedidos-de-pruebas-esteticas-dentales\\\/#primaryimage\"},\"image\":{\"@id\":\"https:\\\/\\\/www.teseracto4d.es\\\/pedidos-de-pruebas-esteticas-dentales\\\/#primaryimage\"},\"thumbnailUrl\":\"https:\\\/\\\/www.teseracto4d.es\\\/wp-content\\\/uploads\\\/elementor\\\/thumbs\\\/estetica-1-plntvrypbzq1zywax9spkl5usg30ftcuqtc1w3qjdg.png\",\"datePublished\":\"2019-02-26T20:08:38+00:00\",\"dateModified\":\"2026-03-25T12:12:01+00:00\",\"description\":\"Prueba de ajuste \\\/ est\u00e9tica Advertencias Teseracto no se hace responsable de fallos o defectos de cualquier \u00edndole que pudiesen presentar las piezas\",\"breadcrumb\":{\"@id\":\"https:\\\/\\\/www.teseracto4d.es\\\/pedidos-de-pruebas-esteticas-dentales\\\/#breadcrumb\"},\"inLanguage\":\"it-IT\",\"potentialAction\":[{\"@type\":\"ReadAction\",\"target\":[\"https:\\\/\\\/www.teseracto4d.es\\\/pedidos-de-pruebas-esteticas-dentales\\\/\"]}]},{\"@type\":\"ImageObject\",\"inLanguage\":\"it-IT\",\"@id\":\"https:\\\/\\\/www.teseracto4d.es\\\/pedidos-de-pruebas-esteticas-dentales\\\/#primaryimage\",\"url\":\"https:\\\/\\\/www.teseracto4d.es\\\/wp-content\\\/uploads\\\/elementor\\\/thumbs\\\/estetica-1-plntvrypbzq1zywax9spkl5usg30ftcuqtc1w3qjdg.png\",\"contentUrl\":\"https:\\\/\\\/www.teseracto4d.es\\\/wp-content\\\/uploads\\\/elementor\\\/thumbs\\\/estetica-1-plntvrypbzq1zywax9spkl5usg30ftcuqtc1w3qjdg.png\"},{\"@type\":\"BreadcrumbList\",\"@id\":\"https:\\\/\\\/www.teseracto4d.es\\\/pedidos-de-pruebas-esteticas-dentales\\\/#breadcrumb\",\"itemListElement\":[{\"@type\":\"ListItem\",\"position\":1,\"name\":\"Portada\",\"item\":\"https:\\\/\\\/www.teseracto4d.es\\\/\"},{\"@type\":\"ListItem\",\"position\":2,\"name\":\"Pedidos de pruebas esteticas dentales\"}]},{\"@type\":\"WebSite\",\"@id\":\"https:\\\/\\\/www.teseracto4d.es\\\/#website\",\"url\":\"https:\\\/\\\/www.teseracto4d.es\\\/\",\"name\":\"Teseracto\",\"description\":\"impresion 3d dental\",\"publisher\":{\"@id\":\"https:\\\/\\\/www.teseracto4d.es\\\/#organization\"},\"potentialAction\":[{\"@type\":\"SearchAction\",\"target\":{\"@type\":\"EntryPoint\",\"urlTemplate\":\"https:\\\/\\\/www.teseracto4d.es\\\/?s={search_term_string}\"},\"query-input\":{\"@type\":\"PropertyValueSpecification\",\"valueRequired\":true,\"valueName\":\"search_term_string\"}}],\"inLanguage\":\"it-IT\"},{\"@type\":\"Organization\",\"@id\":\"https:\\\/\\\/www.teseracto4d.es\\\/#organization\",\"name\":\"Teseracto\",\"url\":\"https:\\\/\\\/www.teseracto4d.es\\\/\",\"logo\":{\"@type\":\"ImageObject\",\"inLanguage\":\"it-IT\",\"@id\":\"https:\\\/\\\/www.teseracto4d.es\\\/#\\\/schema\\\/logo\\\/image\\\/\",\"url\":\"https:\\\/\\\/www.teseracto4d.es\\\/wp-content\\\/uploads\\\/2019\\\/02\\\/cropped-Logo-definitivo.jpg\",\"contentUrl\":\"https:\\\/\\\/www.teseracto4d.es\\\/wp-content\\\/uploads\\\/2019\\\/02\\\/cropped-Logo-definitivo.jpg\",\"width\":1920,\"height\":538,\"caption\":\"Teseracto\"},\"image\":{\"@id\":\"https:\\\/\\\/www.teseracto4d.es\\\/#\\\/schema\\\/logo\\\/image\\\/\"}}]}<\/script>\n<!-- \/ Yoast SEO plugin. -->","yoast_head_json":{"title":"Pedidos de pruebas esteticas dentales - Teseracto. M\u00e1s all\u00e1 del 3D.","description":"Prueba de ajuste \/ est\u00e9tica Advertencias Teseracto no se hace responsable de fallos o defectos de cualquier \u00edndole que pudiesen presentar las piezas","robots":{"index":"noindex","follow":"nofollow"},"og_locale":"it_IT","og_type":"article","og_title":"Pedidos de pruebas esteticas dentales - Teseracto. M\u00e1s all\u00e1 del 3D.","og_description":"Prueba de ajuste \/ est\u00e9tica Advertencias Teseracto no se hace responsable de fallos o defectos de cualquier \u00edndole que pudiesen presentar las piezas","og_url":"https:\/\/www.teseracto4d.es\/it\/pedidos-de-pruebas-esteticas-dentales\/","og_site_name":"Teseracto","article_modified_time":"2026-03-25T12:12:01+00:00","og_image":[{"url":"https:\/\/www.teseracto4d.es\/wp-content\/uploads\/elementor\/thumbs\/estetica-1-plntvrypbzq1zywax9spkl5usg30ftcuqtc1w3qjdg.png","type":"","width":"","height":""}],"twitter_card":"summary_large_image","twitter_misc":{"Tempo di lettura stimato":"2 minuti"},"schema":{"@context":"https:\/\/schema.org","@graph":[{"@type":"WebPage","@id":"https:\/\/www.teseracto4d.es\/pedidos-de-pruebas-esteticas-dentales\/","url":"https:\/\/www.teseracto4d.es\/pedidos-de-pruebas-esteticas-dentales\/","name":"Pedidos de pruebas esteticas dentales - Teseracto. M\u00e1s all\u00e1 del 3D.","isPartOf":{"@id":"https:\/\/www.teseracto4d.es\/#website"},"primaryImageOfPage":{"@id":"https:\/\/www.teseracto4d.es\/pedidos-de-pruebas-esteticas-dentales\/#primaryimage"},"image":{"@id":"https:\/\/www.teseracto4d.es\/pedidos-de-pruebas-esteticas-dentales\/#primaryimage"},"thumbnailUrl":"https:\/\/www.teseracto4d.es\/wp-content\/uploads\/elementor\/thumbs\/estetica-1-plntvrypbzq1zywax9spkl5usg30ftcuqtc1w3qjdg.png","datePublished":"2019-02-26T20:08:38+00:00","dateModified":"2026-03-25T12:12:01+00:00","description":"Prueba de ajuste \/ est\u00e9tica Advertencias Teseracto no se hace responsable de fallos o defectos de cualquier \u00edndole que pudiesen presentar las piezas","breadcrumb":{"@id":"https:\/\/www.teseracto4d.es\/pedidos-de-pruebas-esteticas-dentales\/#breadcrumb"},"inLanguage":"it-IT","potentialAction":[{"@type":"ReadAction","target":["https:\/\/www.teseracto4d.es\/pedidos-de-pruebas-esteticas-dentales\/"]}]},{"@type":"ImageObject","inLanguage":"it-IT","@id":"https:\/\/www.teseracto4d.es\/pedidos-de-pruebas-esteticas-dentales\/#primaryimage","url":"https:\/\/www.teseracto4d.es\/wp-content\/uploads\/elementor\/thumbs\/estetica-1-plntvrypbzq1zywax9spkl5usg30ftcuqtc1w3qjdg.png","contentUrl":"https:\/\/www.teseracto4d.es\/wp-content\/uploads\/elementor\/thumbs\/estetica-1-plntvrypbzq1zywax9spkl5usg30ftcuqtc1w3qjdg.png"},{"@type":"BreadcrumbList","@id":"https:\/\/www.teseracto4d.es\/pedidos-de-pruebas-esteticas-dentales\/#breadcrumb","itemListElement":[{"@type":"ListItem","position":1,"name":"Portada","item":"https:\/\/www.teseracto4d.es\/"},{"@type":"ListItem","position":2,"name":"Pedidos de pruebas esteticas dentales"}]},{"@type":"WebSite","@id":"https:\/\/www.teseracto4d.es\/#website","url":"https:\/\/www.teseracto4d.es\/","name":"Tesseract","description":"stampa 3d dentale","publisher":{"@id":"https:\/\/www.teseracto4d.es\/#organization"},"potentialAction":[{"@type":"SearchAction","target":{"@type":"EntryPoint","urlTemplate":"https:\/\/www.teseracto4d.es\/?s={search_term_string}"},"query-input":{"@type":"PropertyValueSpecification","valueRequired":true,"valueName":"search_term_string"}}],"inLanguage":"it-IT"},{"@type":"Organization","@id":"https:\/\/www.teseracto4d.es\/#organization","name":"Tesseract","url":"https:\/\/www.teseracto4d.es\/","logo":{"@type":"ImageObject","inLanguage":"it-IT","@id":"https:\/\/www.teseracto4d.es\/#\/schema\/logo\/image\/","url":"https:\/\/www.teseracto4d.es\/wp-content\/uploads\/2019\/02\/cropped-Logo-definitivo.jpg","contentUrl":"https:\/\/www.teseracto4d.es\/wp-content\/uploads\/2019\/02\/cropped-Logo-definitivo.jpg","width":1920,"height":538,"caption":"Teseracto"},"image":{"@id":"https:\/\/www.teseracto4d.es\/#\/schema\/logo\/image\/"}}]}},"_links":{"self":[{"href":"https:\/\/www.teseracto4d.es\/it\/wp-json\/wp\/v2\/pages\/1002","targetHints":{"allow":["GET"]}}],"collection":[{"href":"https:\/\/www.teseracto4d.es\/it\/wp-json\/wp\/v2\/pages"}],"about":[{"href":"https:\/\/www.teseracto4d.es\/it\/wp-json\/wp\/v2\/types\/page"}],"author":[{"embeddable":true,"href":"https:\/\/www.teseracto4d.es\/it\/wp-json\/wp\/v2\/users\/1"}],"replies":[{"embeddable":true,"href":"https:\/\/www.teseracto4d.es\/it\/wp-json\/wp\/v2\/comments?post=1002"}],"version-history":[{"count":61,"href":"https:\/\/www.teseracto4d.es\/it\/wp-json\/wp\/v2\/pages\/1002\/revisions"}],"predecessor-version":[{"id":10450,"href":"https:\/\/www.teseracto4d.es\/it\/wp-json\/wp\/v2\/pages\/1002\/revisions\/10450"}],"wp:attachment":[{"href":"https:\/\/www.teseracto4d.es\/it\/wp-json\/wp\/v2\/media?parent=1002"}],"curies":[{"name":"wp","href":"https:\/\/api.w.org\/{rel}","templated":true}]}}