{"id":38,"date":"2018-12-02T18:34:25","date_gmt":"2018-12-02T18:34:25","guid":{"rendered":"http:\/\/www.teseracto4d.es\/?page_id=38"},"modified":"2024-06-18T19:40:03","modified_gmt":"2024-06-18T19:40:03","slug":"configura-tu-pedido","status":"publish","type":"page","link":"https:\/\/www.teseracto4d.es\/it\/configura-tu-pedido\/","title":{"rendered":"Imposta il tuo ordine"},"content":{"rendered":"<div data-elementor-type=\"wp-post\" data-elementor-id=\"38\" class=\"elementor elementor-38\" data-elementor-post-type=\"page\">\n\t\t\t\t\t\t<section class=\"elementor-section elementor-top-section elementor-element elementor-element-29fabbf elementor-section-height-min-height elementor-section-items-stretch elementor-section-boxed elementor-section-height-default\" data-id=\"29fabbf\" data-element_type=\"section\" data-e-type=\"section\" data-settings=\"{&quot;background_background&quot;:&quot;classic&quot;}\">\n\t\t\t\t\t\t<div class=\"elementor-container elementor-column-gap-no\">\n\t\t\t\t\t<div class=\"elementor-column elementor-col-100 elementor-top-column elementor-element elementor-element-4b77c3e\" data-id=\"4b77c3e\" data-element_type=\"column\" data-e-type=\"column\">\n\t\t\t<div class=\"elementor-widget-wrap elementor-element-populated\">\n\t\t\t\t\t\t<div class=\"elementor-element elementor-element-7cd2df4 elementor-widget elementor-widget-spacer\" data-id=\"7cd2df4\" data-element_type=\"widget\" data-e-type=\"widget\" data-widget_type=\"spacer.default\">\n\t\t\t\t<div class=\"elementor-widget-container\">\n\t\t\t\t\t\t\t<div class=\"elementor-spacer\">\n\t\t\t<div class=\"elementor-spacer-inner\"><\/div>\n\t\t<\/div>\n\t\t\t\t\t\t<\/div>\n\t\t\t\t<\/div>\n\t\t\t\t\t<\/div>\n\t\t<\/div>\n\t\t\t\t\t<\/div>\n\t\t<\/section>\n\t\t\t\t<section class=\"elementor-section elementor-top-section elementor-element elementor-element-3700b6e elementor-section-full_width elementor-section-height-default elementor-section-height-default\" data-id=\"3700b6e\" data-element_type=\"section\" data-e-type=\"section\" data-settings=\"{&quot;background_background&quot;:&quot;classic&quot;}\">\n\t\t\t\t\t\t<div class=\"elementor-container elementor-column-gap-default\">\n\t\t\t\t\t<div class=\"elementor-column elementor-col-33 elementor-top-column elementor-element elementor-element-de2f912\" data-id=\"de2f912\" data-element_type=\"column\" data-e-type=\"column\" data-settings=\"{&quot;background_background&quot;:&quot;classic&quot;}\">\n\t\t\t<div class=\"elementor-widget-wrap elementor-element-populated\">\n\t\t\t\t\t\t<div class=\"elementor-element elementor-element-3b629aa elementor-widget elementor-widget-html\" data-id=\"3b629aa\" data-element_type=\"widget\" data-e-type=\"widget\" data-widget_type=\"html.default\">\n\t\t\t\t<div class=\"elementor-widget-container\">\n\t\t\t\t\t<a href=\"https:\/\/www.teseracto4d.es\/it\/configura-tu-pedido\/dental\/\" style=\"display: block; width: 100%; height: 50vh;\">\r\n    <div style=\"width: 100%; height: 100%; background-image: url('https:\/\/www.teseracto4d.es\/wp-content\/uploads\/2019\/03\/Dental-1.jpg'); display: flex; background-size: cover; background-repeat: no-repeat; align-items: center; justify-content: center;\">\r\n        <p style=\"font-size: 50px; font-weight: bold; text-align:center;\">Dentale<\/p>\r\n    <\/div>\r\n<\/a>\r\n\t\t\t\t<\/div>\n\t\t\t\t<\/div>\n\t\t\t\t\t<\/div>\n\t\t<\/div>\n\t\t\t\t<div class=\"elementor-column elementor-col-33 elementor-top-column elementor-element elementor-element-ed5416b\" data-id=\"ed5416b\" data-element_type=\"column\" data-e-type=\"column\" data-settings=\"{&quot;background_background&quot;:&quot;classic&quot;}\">\n\t\t\t<div class=\"elementor-widget-wrap elementor-element-populated\">\n\t\t\t\t\t\t<div class=\"elementor-element elementor-element-fe106f1 elementor-widget elementor-widget-html\" data-id=\"fe106f1\" data-element_type=\"widget\" data-e-type=\"widget\" data-widget_type=\"html.default\">\n\t\t\t\t<div class=\"elementor-widget-container\">\n\t\t\t\t\t<a href=\"https:\/\/www.teseracto4d.es\/it\/configura-tu-pedido\/joyeria\/\" style=\"display: block; width: 100%; height: 50vh;\">\r\n    <div style=\"width: 100%; height: 100%; background-image: url('https:\/\/www.teseracto4d.es\/wp-content\/uploads\/2019\/03\/Joyeria-1.jpg'); display: flex; background-size: cover; background-repeat: no-repeat; align-items: center; justify-content: center;\">\r\n        <p style=\"font-size: 50px; font-weight: bold; text-align:center;\">Gioielleria<\/p>\r\n    <\/div>\r\n<\/a>\r\n\t\t\t\t<\/div>\n\t\t\t\t<\/div>\n\t\t\t\t\t<\/div>\n\t\t<\/div>\n\t\t\t\t<div class=\"elementor-column elementor-col-33 elementor-top-column elementor-element elementor-element-9b79d40\" data-id=\"9b79d40\" data-element_type=\"column\" data-e-type=\"column\" data-settings=\"{&quot;background_background&quot;:&quot;classic&quot;}\">\n\t\t\t<div class=\"elementor-widget-wrap elementor-element-populated\">\n\t\t\t\t\t\t<div class=\"elementor-element elementor-element-2c5d704 elementor-widget elementor-widget-html\" data-id=\"2c5d704\" data-element_type=\"widget\" data-e-type=\"widget\" data-widget_type=\"html.default\">\n\t\t\t\t<div class=\"elementor-widget-container\">\n\t\t\t\t\t<a href=\"https:\/\/www.teseracto4d.es\/it\/configura-tu-pedido\/diseno-e-impresion-3d\/\" style=\"display: block; width: 100%; height: 50vh;\">\r\n    <div style=\"width: 100%; height: 100%; background-image: url('https:\/\/www.teseracto4d.es\/wp-content\/uploads\/2019\/03\/Dise\u00f1o-1.jpg'); display: flex; background-size: cover; background-repeat: no-repeat; align-items: center; justify-content: center;\">\r\n        <p style=\"font-size: 35px; font-weight: bold; text-align:center;\">Progettazione e produzione<br> personalizzato<\/p>\r\n    <\/div>\r\n<\/a>\r\n\t\t\t\t<\/div>\n\t\t\t\t<\/div>\n\t\t\t\t\t<\/div>\n\t\t<\/div>\n\t\t\t\t\t<\/div>\n\t\t<\/section>\n\t\t\t\t<section class=\"elementor-section elementor-top-section elementor-element elementor-element-fd6569d elementor-section-boxed elementor-section-height-default elementor-section-height-default\" data-id=\"fd6569d\" data-element_type=\"section\" data-e-type=\"section\">\n\t\t\t\t\t\t<div class=\"elementor-container elementor-column-gap-default\">\n\t\t\t\t\t<div class=\"elementor-column elementor-col-100 elementor-top-column elementor-element elementor-element-36f641a\" data-id=\"36f641a\" data-element_type=\"column\" data-e-type=\"column\">\n\t\t\t<div class=\"elementor-widget-wrap\">\n\t\t\t\t\t\t\t<\/div>\n\t\t<\/div>\n\t\t\t\t\t<\/div>\n\t\t<\/section>\n\t\t\t\t<section class=\"elementor-section elementor-top-section elementor-element elementor-element-f55b6bd elementor-section-full_width elementor-hidden-desktop elementor-hidden-tablet elementor-hidden-mobile elementor-section-height-default elementor-section-height-default\" data-id=\"f55b6bd\" data-element_type=\"section\" data-e-type=\"section\" data-settings=\"{&quot;background_background&quot;:&quot;classic&quot;}\">\n\t\t\t\t\t\t<div class=\"elementor-container elementor-column-gap-default\">\n\t\t\t\t\t<div class=\"elementor-column elementor-col-100 elementor-top-column elementor-element elementor-element-4e836b1\" data-id=\"4e836b1\" data-element_type=\"column\" data-e-type=\"column\">\n\t\t\t<div class=\"elementor-widget-wrap elementor-element-populated\">\n\t\t\t\t\t\t<div class=\"elementor-element elementor-element-509fd85 elementor-widget elementor-widget-image\" data-id=\"509fd85\" data-element_type=\"widget\" data-e-type=\"widget\" data-widget_type=\"image.default\">\n\t\t\t\t<div class=\"elementor-widget-container\">\n\t\t\t\t\t\t\t\t\t\t\t\t\t\t\t\t<a href=\"https:\/\/www.teseracto4d.es\/it\/configura-tu-pedido\/veterinaria\/\">\n\t\t\t\t\t\t\t<img fetchpriority=\"high\" decoding=\"async\" width=\"2832\" height=\"2124\" src=\"https:\/\/www.teseracto4d.es\/wp-content\/uploads\/2019\/03\/Veterinaria-3.jpg\" class=\"attachment-full size-full wp-image-1124\" alt=\"\" srcset=\"https:\/\/www.teseracto4d.es\/wp-content\/uploads\/2019\/03\/Veterinaria-3.jpg 2832w, https:\/\/www.teseracto4d.es\/wp-content\/uploads\/2019\/03\/Veterinaria-3-300x225.jpg 300w, https:\/\/www.teseracto4d.es\/wp-content\/uploads\/2019\/03\/Veterinaria-3-768x576.jpg 768w, https:\/\/www.teseracto4d.es\/wp-content\/uploads\/2019\/03\/Veterinaria-3-1024x768.jpg 1024w\" sizes=\"(max-width: 2832px) 100vw, 2832px\" \/>\t\t\t\t\t\t\t\t<\/a>\n\t\t\t\t\t\t\t\t\t\t\t\t\t\t\t<\/div>\n\t\t\t\t<\/div>\n\t\t\t\t\t<\/div>\n\t\t<\/div>\n\t\t\t\t\t<\/div>\n\t\t<\/section>\n\t\t\t\t<\/div>","protected":false},"excerpt":{"rendered":"<p>Dental Joyer\u00eda Dise\u00f1o y fabricaci\u00f3n personalizada<\/p>","protected":false},"author":1,"featured_media":0,"parent":0,"menu_order":0,"comment_status":"closed","ping_status":"closed","template":"elementor_header_footer","meta":{"_uf_show_specific_survey":0,"_uf_disable_surveys":false,"neve_meta_sidebar":"","neve_meta_container":"","neve_meta_enable_content_width":"off","neve_meta_content_width":0,"neve_meta_title_alignment":"","neve_meta_author_avatar":"","neve_post_elements_order":"","neve_meta_disable_header":"","neve_meta_disable_footer":"","neve_meta_disable_title":"","_joinchat":[],"footnotes":""},"class_list":["post-38","page","type-page","status-publish","hentry"],"yoast_head":"<!-- This site is optimized with the Yoast SEO plugin v27.4 - https:\/\/yoast.com\/product\/yoast-seo-wordpress\/ -->\n<title>Configura tu pedido - Teseracto. M\u00e1s all\u00e1 del 3D.\u2705<\/title>\n<meta name=\"description\" content=\"Configura tu pedido en Teseracto, el servicio de impresi\u00f3n 3D especializado en el sector dental.\" \/>\n<meta name=\"robots\" content=\"noindex, nofollow\" \/>\n<meta property=\"og:locale\" content=\"it_IT\" \/>\n<meta property=\"og:type\" content=\"article\" \/>\n<meta property=\"og:title\" content=\"Configura tu pedido - Teseracto. M\u00e1s all\u00e1 del 3D.\u2705\" \/>\n<meta property=\"og:description\" content=\"Configura tu pedido en Teseracto, el servicio de impresi\u00f3n 3D especializado en el sector dental.\" \/>\n<meta property=\"og:url\" content=\"https:\/\/www.teseracto4d.es\/it\/configura-tu-pedido\/\" \/>\n<meta property=\"og:site_name\" content=\"Teseracto\" \/>\n<meta property=\"article:modified_time\" content=\"2024-06-18T19:40:03+00:00\" \/>\n<meta property=\"og:image\" content=\"https:\/\/www.teseracto4d.es\/wp-content\/uploads\/2019\/03\/Dental-1.jpg\" \/>\n<meta name=\"twitter:card\" content=\"summary_large_image\" \/>\n<meta name=\"twitter:label1\" content=\"Tempo di lettura stimato\" \/>\n\t<meta name=\"twitter:data1\" content=\"1 minuto\" \/>\n<script type=\"application\/ld+json\" class=\"yoast-schema-graph\">{\"@context\":\"https:\\\/\\\/schema.org\",\"@graph\":[{\"@type\":\"WebPage\",\"@id\":\"https:\\\/\\\/www.teseracto4d.es\\\/configura-tu-pedido\\\/\",\"url\":\"https:\\\/\\\/www.teseracto4d.es\\\/configura-tu-pedido\\\/\",\"name\":\"Configura tu pedido - Teseracto. M\u00e1s all\u00e1 del 3D.\u2705\",\"isPartOf\":{\"@id\":\"https:\\\/\\\/www.teseracto4d.es\\\/#website\"},\"primaryImageOfPage\":{\"@id\":\"https:\\\/\\\/www.teseracto4d.es\\\/configura-tu-pedido\\\/#primaryimage\"},\"image\":{\"@id\":\"https:\\\/\\\/www.teseracto4d.es\\\/configura-tu-pedido\\\/#primaryimage\"},\"thumbnailUrl\":\"https:\\\/\\\/www.teseracto4d.es\\\/wp-content\\\/uploads\\\/2019\\\/03\\\/Veterinaria-3.jpg\",\"datePublished\":\"2018-12-02T18:34:25+00:00\",\"dateModified\":\"2024-06-18T19:40:03+00:00\",\"description\":\"Configura tu pedido en Teseracto, el servicio de impresi\u00f3n 3D especializado en el sector dental.\",\"breadcrumb\":{\"@id\":\"https:\\\/\\\/www.teseracto4d.es\\\/configura-tu-pedido\\\/#breadcrumb\"},\"inLanguage\":\"it-IT\",\"potentialAction\":[{\"@type\":\"ReadAction\",\"target\":[\"https:\\\/\\\/www.teseracto4d.es\\\/configura-tu-pedido\\\/\"]}]},{\"@type\":\"ImageObject\",\"inLanguage\":\"it-IT\",\"@id\":\"https:\\\/\\\/www.teseracto4d.es\\\/configura-tu-pedido\\\/#primaryimage\",\"url\":\"https:\\\/\\\/www.teseracto4d.es\\\/wp-content\\\/uploads\\\/2019\\\/03\\\/Veterinaria-3.jpg\",\"contentUrl\":\"https:\\\/\\\/www.teseracto4d.es\\\/wp-content\\\/uploads\\\/2019\\\/03\\\/Veterinaria-3.jpg\"},{\"@type\":\"BreadcrumbList\",\"@id\":\"https:\\\/\\\/www.teseracto4d.es\\\/configura-tu-pedido\\\/#breadcrumb\",\"itemListElement\":[{\"@type\":\"ListItem\",\"position\":1,\"name\":\"Portada\",\"item\":\"https:\\\/\\\/www.teseracto4d.es\\\/\"},{\"@type\":\"ListItem\",\"position\":2,\"name\":\"Configura tu pedido\"}]},{\"@type\":\"WebSite\",\"@id\":\"https:\\\/\\\/www.teseracto4d.es\\\/#website\",\"url\":\"https:\\\/\\\/www.teseracto4d.es\\\/\",\"name\":\"Teseracto\",\"description\":\"impresion 3d dental\",\"publisher\":{\"@id\":\"https:\\\/\\\/www.teseracto4d.es\\\/#organization\"},\"potentialAction\":[{\"@type\":\"SearchAction\",\"target\":{\"@type\":\"EntryPoint\",\"urlTemplate\":\"https:\\\/\\\/www.teseracto4d.es\\\/?s={search_term_string}\"},\"query-input\":{\"@type\":\"PropertyValueSpecification\",\"valueRequired\":true,\"valueName\":\"search_term_string\"}}],\"inLanguage\":\"it-IT\"},{\"@type\":\"Organization\",\"@id\":\"https:\\\/\\\/www.teseracto4d.es\\\/#organization\",\"name\":\"Teseracto\",\"url\":\"https:\\\/\\\/www.teseracto4d.es\\\/\",\"logo\":{\"@type\":\"ImageObject\",\"inLanguage\":\"it-IT\",\"@id\":\"https:\\\/\\\/www.teseracto4d.es\\\/#\\\/schema\\\/logo\\\/image\\\/\",\"url\":\"https:\\\/\\\/www.teseracto4d.es\\\/wp-content\\\/uploads\\\/2019\\\/02\\\/cropped-Logo-definitivo.jpg\",\"contentUrl\":\"https:\\\/\\\/www.teseracto4d.es\\\/wp-content\\\/uploads\\\/2019\\\/02\\\/cropped-Logo-definitivo.jpg\",\"width\":1920,\"height\":538,\"caption\":\"Teseracto\"},\"image\":{\"@id\":\"https:\\\/\\\/www.teseracto4d.es\\\/#\\\/schema\\\/logo\\\/image\\\/\"}}]}<\/script>\n<!-- \/ Yoast SEO plugin. -->","yoast_head_json":{"title":"Configura tu pedido - Teseracto. M\u00e1s all\u00e1 del 3D.\u2705","description":"Configura tu pedido en Teseracto, el servicio de impresi\u00f3n 3D especializado en el sector dental.","robots":{"index":"noindex","follow":"nofollow"},"og_locale":"it_IT","og_type":"article","og_title":"Configura tu pedido - Teseracto. M\u00e1s all\u00e1 del 3D.\u2705","og_description":"Configura tu pedido en Teseracto, el servicio de impresi\u00f3n 3D especializado en el sector dental.","og_url":"https:\/\/www.teseracto4d.es\/it\/configura-tu-pedido\/","og_site_name":"Teseracto","article_modified_time":"2024-06-18T19:40:03+00:00","og_image":[{"url":"https:\/\/www.teseracto4d.es\/wp-content\/uploads\/2019\/03\/Dental-1.jpg","type":"","width":"","height":""}],"twitter_card":"summary_large_image","twitter_misc":{"Tempo di lettura stimato":"1 minuto"},"schema":{"@context":"https:\/\/schema.org","@graph":[{"@type":"WebPage","@id":"https:\/\/www.teseracto4d.es\/configura-tu-pedido\/","url":"https:\/\/www.teseracto4d.es\/configura-tu-pedido\/","name":"Configura tu pedido - Teseracto. M\u00e1s all\u00e1 del 3D.\u2705","isPartOf":{"@id":"https:\/\/www.teseracto4d.es\/#website"},"primaryImageOfPage":{"@id":"https:\/\/www.teseracto4d.es\/configura-tu-pedido\/#primaryimage"},"image":{"@id":"https:\/\/www.teseracto4d.es\/configura-tu-pedido\/#primaryimage"},"thumbnailUrl":"https:\/\/www.teseracto4d.es\/wp-content\/uploads\/2019\/03\/Veterinaria-3.jpg","datePublished":"2018-12-02T18:34:25+00:00","dateModified":"2024-06-18T19:40:03+00:00","description":"Configura tu pedido en Teseracto, el servicio de impresi\u00f3n 3D especializado en el sector dental.","breadcrumb":{"@id":"https:\/\/www.teseracto4d.es\/configura-tu-pedido\/#breadcrumb"},"inLanguage":"it-IT","potentialAction":[{"@type":"ReadAction","target":["https:\/\/www.teseracto4d.es\/configura-tu-pedido\/"]}]},{"@type":"ImageObject","inLanguage":"it-IT","@id":"https:\/\/www.teseracto4d.es\/configura-tu-pedido\/#primaryimage","url":"https:\/\/www.teseracto4d.es\/wp-content\/uploads\/2019\/03\/Veterinaria-3.jpg","contentUrl":"https:\/\/www.teseracto4d.es\/wp-content\/uploads\/2019\/03\/Veterinaria-3.jpg"},{"@type":"BreadcrumbList","@id":"https:\/\/www.teseracto4d.es\/configura-tu-pedido\/#breadcrumb","itemListElement":[{"@type":"ListItem","position":1,"name":"Portada","item":"https:\/\/www.teseracto4d.es\/"},{"@type":"ListItem","position":2,"name":"Configura tu pedido"}]},{"@type":"WebSite","@id":"https:\/\/www.teseracto4d.es\/#website","url":"https:\/\/www.teseracto4d.es\/","name":"Tesseract","description":"stampa 3d dentale","publisher":{"@id":"https:\/\/www.teseracto4d.es\/#organization"},"potentialAction":[{"@type":"SearchAction","target":{"@type":"EntryPoint","urlTemplate":"https:\/\/www.teseracto4d.es\/?s={search_term_string}"},"query-input":{"@type":"PropertyValueSpecification","valueRequired":true,"valueName":"search_term_string"}}],"inLanguage":"it-IT"},{"@type":"Organization","@id":"https:\/\/www.teseracto4d.es\/#organization","name":"Tesseract","url":"https:\/\/www.teseracto4d.es\/","logo":{"@type":"ImageObject","inLanguage":"it-IT","@id":"https:\/\/www.teseracto4d.es\/#\/schema\/logo\/image\/","url":"https:\/\/www.teseracto4d.es\/wp-content\/uploads\/2019\/02\/cropped-Logo-definitivo.jpg","contentUrl":"https:\/\/www.teseracto4d.es\/wp-content\/uploads\/2019\/02\/cropped-Logo-definitivo.jpg","width":1920,"height":538,"caption":"Teseracto"},"image":{"@id":"https:\/\/www.teseracto4d.es\/#\/schema\/logo\/image\/"}}]}},"_links":{"self":[{"href":"https:\/\/www.teseracto4d.es\/it\/wp-json\/wp\/v2\/pages\/38","targetHints":{"allow":["GET"]}}],"collection":[{"href":"https:\/\/www.teseracto4d.es\/it\/wp-json\/wp\/v2\/pages"}],"about":[{"href":"https:\/\/www.teseracto4d.es\/it\/wp-json\/wp\/v2\/types\/page"}],"author":[{"embeddable":true,"href":"https:\/\/www.teseracto4d.es\/it\/wp-json\/wp\/v2\/users\/1"}],"replies":[{"embeddable":true,"href":"https:\/\/www.teseracto4d.es\/it\/wp-json\/wp\/v2\/comments?post=38"}],"version-history":[{"count":52,"href":"https:\/\/www.teseracto4d.es\/it\/wp-json\/wp\/v2\/pages\/38\/revisions"}],"predecessor-version":[{"id":5974,"href":"https:\/\/www.teseracto4d.es\/it\/wp-json\/wp\/v2\/pages\/38\/revisions\/5974"}],"wp:attachment":[{"href":"https:\/\/www.teseracto4d.es\/it\/wp-json\/wp\/v2\/media?parent=38"}],"curies":[{"name":"wp","href":"https:\/\/api.w.org\/{rel}","templated":true}]}}