{"id":6219,"date":"2024-09-12T09:56:14","date_gmt":"2024-09-12T09:56:14","guid":{"rendered":"https:\/\/www.teseracto4d.es\/?page_id=6219"},"modified":"2026-03-06T17:43:36","modified_gmt":"2026-03-06T17:43:36","slug":"accesorios-modelos-magneticos","status":"publish","type":"page","link":"https:\/\/www.teseracto4d.es\/it\/accesorios-modelos-magneticos\/","title":{"rendered":"Accesorios modelos magneticos"},"content":{"rendered":"<div data-elementor-type=\"wp-page\" data-elementor-id=\"6219\" class=\"elementor elementor-6219\" data-elementor-post-type=\"page\">\n\t\t\t\t\t\t<section class=\"elementor-section elementor-top-section elementor-element elementor-element-e182913 elementor-section-full_width elementor-section-height-default elementor-section-height-default\" data-id=\"e182913\" data-element_type=\"section\" data-e-type=\"section\" data-settings=\"{&quot;background_background&quot;:&quot;classic&quot;}\">\n\t\t\t\t\t\t<div class=\"elementor-container elementor-column-gap-default\">\n\t\t\t\t\t<div class=\"elementor-column elementor-col-100 elementor-top-column elementor-element elementor-element-7369475\" data-id=\"7369475\" data-element_type=\"column\" data-e-type=\"column\">\n\t\t\t<div class=\"elementor-widget-wrap elementor-element-populated\">\n\t\t\t\t\t\t<div class=\"elementor-element elementor-element-77d88bc elementor-widget elementor-widget-text-editor\" data-id=\"77d88bc\" data-element_type=\"widget\" data-e-type=\"widget\" data-widget_type=\"text-editor.default\">\n\t\t\t\t<div class=\"elementor-widget-container\">\n\t\t\t\t\t\t\t\t\t<p>Sistema de modelos magn\u00e9ticos<\/p>\t\t\t\t\t\t\t\t<\/div>\n\t\t\t\t<\/div>\n\t\t\t\t<div class=\"elementor-element elementor-element-549694a elementor-widget-divider--view-line elementor-widget elementor-widget-divider\" data-id=\"549694a\" data-element_type=\"widget\" data-e-type=\"widget\" data-widget_type=\"divider.default\">\n\t\t\t\t<div class=\"elementor-widget-container\">\n\t\t\t\t\t\t\t<div class=\"elementor-divider\">\n\t\t\t<span class=\"elementor-divider-separator\">\n\t\t\t\t\t\t<\/span>\n\t\t<\/div>\n\t\t\t\t\t\t<\/div>\n\t\t\t\t<\/div>\n\t\t\t\t<div class=\"elementor-element elementor-element-585c64f elementor-widget elementor-widget-text-editor\" data-id=\"585c64f\" data-element_type=\"widget\" data-e-type=\"widget\" data-widget_type=\"text-editor.default\">\n\t\t\t\t<div class=\"elementor-widget-container\">\n\t\t\t\t\t\t\t\t\t<p><p class=\"wpcf7-subscribers-only\">Este formulario de contacto solo est\u00e1 disponible para usuarios registrados.<\/p><\/p>\t\t\t\t\t\t\t\t<\/div>\n\t\t\t\t<\/div>\n\t\t\t\t\t<\/div>\n\t\t<\/div>\n\t\t\t\t\t<\/div>\n\t\t<\/section>\n\t\t\t\t<\/div>","protected":false},"excerpt":{"rendered":"<p>Sistema de modelos magn\u00e9ticos<\/p>","protected":false},"author":1,"featured_media":0,"parent":0,"menu_order":0,"comment_status":"closed","ping_status":"closed","template":"page-templates\/template-pagebuilder-full-width.php","meta":{"_uf_show_specific_survey":0,"_uf_disable_surveys":false,"neve_meta_sidebar":"","neve_meta_container":"","neve_meta_enable_content_width":"","neve_meta_content_width":0,"neve_meta_title_alignment":"","neve_meta_author_avatar":"","neve_post_elements_order":"","neve_meta_disable_header":"","neve_meta_disable_footer":"","neve_meta_disable_title":"","_joinchat":[],"footnotes":""},"class_list":["post-6219","page","type-page","status-publish","hentry"],"yoast_head":"<!-- This site is optimized with the Yoast SEO plugin v27.4 - https:\/\/yoast.com\/product\/yoast-seo-wordpress\/ -->\n<title>Accesorios modelos magneticos - Teseracto. M\u00e1s all\u00e1 del 3D.<\/title>\n<meta name=\"description\" content=\"Sistema de modelos magn\u00e9ticos\" \/>\n<meta name=\"robots\" content=\"index, follow, max-snippet:-1, max-image-preview:large, max-video-preview:-1\" \/>\n<link rel=\"canonical\" href=\"https:\/\/www.teseracto4d.es\/it\/accesorios-modelos-magneticos\/\" \/>\n<meta property=\"og:locale\" content=\"it_IT\" \/>\n<meta property=\"og:type\" content=\"article\" \/>\n<meta property=\"og:title\" content=\"Accesorios modelos magneticos - Teseracto. M\u00e1s all\u00e1 del 3D.\" \/>\n<meta property=\"og:description\" content=\"Sistema de modelos magn\u00e9ticos\" \/>\n<meta property=\"og:url\" content=\"https:\/\/www.teseracto4d.es\/it\/accesorios-modelos-magneticos\/\" \/>\n<meta property=\"og:site_name\" content=\"Teseracto\" \/>\n<meta property=\"article:modified_time\" content=\"2026-03-06T17:43:36+00:00\" \/>\n<meta name=\"twitter:card\" content=\"summary_large_image\" \/>\n<meta name=\"twitter:label1\" content=\"Tempo di lettura stimato\" \/>\n\t<meta name=\"twitter:data1\" content=\"1 minuto\" \/>\n<script type=\"application\/ld+json\" class=\"yoast-schema-graph\">{\"@context\":\"https:\\\/\\\/schema.org\",\"@graph\":[{\"@type\":\"WebPage\",\"@id\":\"https:\\\/\\\/www.teseracto4d.es\\\/accesorios-modelos-magneticos\\\/\",\"url\":\"https:\\\/\\\/www.teseracto4d.es\\\/accesorios-modelos-magneticos\\\/\",\"name\":\"Accesorios modelos magneticos - Teseracto. M\u00e1s all\u00e1 del 3D.\",\"isPartOf\":{\"@id\":\"https:\\\/\\\/www.teseracto4d.es\\\/#website\"},\"datePublished\":\"2024-09-12T09:56:14+00:00\",\"dateModified\":\"2026-03-06T17:43:36+00:00\",\"description\":\"Sistema de modelos magn\u00e9ticos\",\"breadcrumb\":{\"@id\":\"https:\\\/\\\/www.teseracto4d.es\\\/accesorios-modelos-magneticos\\\/#breadcrumb\"},\"inLanguage\":\"it-IT\",\"potentialAction\":[{\"@type\":\"ReadAction\",\"target\":[\"https:\\\/\\\/www.teseracto4d.es\\\/accesorios-modelos-magneticos\\\/\"]}]},{\"@type\":\"BreadcrumbList\",\"@id\":\"https:\\\/\\\/www.teseracto4d.es\\\/accesorios-modelos-magneticos\\\/#breadcrumb\",\"itemListElement\":[{\"@type\":\"ListItem\",\"position\":1,\"name\":\"Portada\",\"item\":\"https:\\\/\\\/www.teseracto4d.es\\\/\"},{\"@type\":\"ListItem\",\"position\":2,\"name\":\"Accesorios modelos magneticos\"}]},{\"@type\":\"WebSite\",\"@id\":\"https:\\\/\\\/www.teseracto4d.es\\\/#website\",\"url\":\"https:\\\/\\\/www.teseracto4d.es\\\/\",\"name\":\"Teseracto\",\"description\":\"impresion 3d dental\",\"publisher\":{\"@id\":\"https:\\\/\\\/www.teseracto4d.es\\\/#organization\"},\"potentialAction\":[{\"@type\":\"SearchAction\",\"target\":{\"@type\":\"EntryPoint\",\"urlTemplate\":\"https:\\\/\\\/www.teseracto4d.es\\\/?s={search_term_string}\"},\"query-input\":{\"@type\":\"PropertyValueSpecification\",\"valueRequired\":true,\"valueName\":\"search_term_string\"}}],\"inLanguage\":\"it-IT\"},{\"@type\":\"Organization\",\"@id\":\"https:\\\/\\\/www.teseracto4d.es\\\/#organization\",\"name\":\"Teseracto\",\"url\":\"https:\\\/\\\/www.teseracto4d.es\\\/\",\"logo\":{\"@type\":\"ImageObject\",\"inLanguage\":\"it-IT\",\"@id\":\"https:\\\/\\\/www.teseracto4d.es\\\/#\\\/schema\\\/logo\\\/image\\\/\",\"url\":\"https:\\\/\\\/www.teseracto4d.es\\\/wp-content\\\/uploads\\\/2019\\\/02\\\/cropped-Logo-definitivo.jpg\",\"contentUrl\":\"https:\\\/\\\/www.teseracto4d.es\\\/wp-content\\\/uploads\\\/2019\\\/02\\\/cropped-Logo-definitivo.jpg\",\"width\":1920,\"height\":538,\"caption\":\"Teseracto\"},\"image\":{\"@id\":\"https:\\\/\\\/www.teseracto4d.es\\\/#\\\/schema\\\/logo\\\/image\\\/\"}}]}<\/script>\n<!-- \/ Yoast SEO plugin. -->","yoast_head_json":{"title":"Accesorios modelos magneticos - Teseracto. M\u00e1s all\u00e1 del 3D.","description":"Sistema de modelos magn\u00e9ticos","robots":{"index":"index","follow":"follow","max-snippet":"max-snippet:-1","max-image-preview":"max-image-preview:large","max-video-preview":"max-video-preview:-1"},"canonical":"https:\/\/www.teseracto4d.es\/it\/accesorios-modelos-magneticos\/","og_locale":"it_IT","og_type":"article","og_title":"Accesorios modelos magneticos - Teseracto. M\u00e1s all\u00e1 del 3D.","og_description":"Sistema de modelos magn\u00e9ticos","og_url":"https:\/\/www.teseracto4d.es\/it\/accesorios-modelos-magneticos\/","og_site_name":"Teseracto","article_modified_time":"2026-03-06T17:43:36+00:00","twitter_card":"summary_large_image","twitter_misc":{"Tempo di lettura stimato":"1 minuto"},"schema":{"@context":"https:\/\/schema.org","@graph":[{"@type":"WebPage","@id":"https:\/\/www.teseracto4d.es\/accesorios-modelos-magneticos\/","url":"https:\/\/www.teseracto4d.es\/accesorios-modelos-magneticos\/","name":"Accesorios modelos magneticos - Teseracto. M\u00e1s all\u00e1 del 3D.","isPartOf":{"@id":"https:\/\/www.teseracto4d.es\/#website"},"datePublished":"2024-09-12T09:56:14+00:00","dateModified":"2026-03-06T17:43:36+00:00","description":"Sistema de modelos magn\u00e9ticos","breadcrumb":{"@id":"https:\/\/www.teseracto4d.es\/accesorios-modelos-magneticos\/#breadcrumb"},"inLanguage":"it-IT","potentialAction":[{"@type":"ReadAction","target":["https:\/\/www.teseracto4d.es\/accesorios-modelos-magneticos\/"]}]},{"@type":"BreadcrumbList","@id":"https:\/\/www.teseracto4d.es\/accesorios-modelos-magneticos\/#breadcrumb","itemListElement":[{"@type":"ListItem","position":1,"name":"Portada","item":"https:\/\/www.teseracto4d.es\/"},{"@type":"ListItem","position":2,"name":"Accesorios modelos magneticos"}]},{"@type":"WebSite","@id":"https:\/\/www.teseracto4d.es\/#website","url":"https:\/\/www.teseracto4d.es\/","name":"Tesseract","description":"stampa 3d dentale","publisher":{"@id":"https:\/\/www.teseracto4d.es\/#organization"},"potentialAction":[{"@type":"SearchAction","target":{"@type":"EntryPoint","urlTemplate":"https:\/\/www.teseracto4d.es\/?s={search_term_string}"},"query-input":{"@type":"PropertyValueSpecification","valueRequired":true,"valueName":"search_term_string"}}],"inLanguage":"it-IT"},{"@type":"Organization","@id":"https:\/\/www.teseracto4d.es\/#organization","name":"Tesseract","url":"https:\/\/www.teseracto4d.es\/","logo":{"@type":"ImageObject","inLanguage":"it-IT","@id":"https:\/\/www.teseracto4d.es\/#\/schema\/logo\/image\/","url":"https:\/\/www.teseracto4d.es\/wp-content\/uploads\/2019\/02\/cropped-Logo-definitivo.jpg","contentUrl":"https:\/\/www.teseracto4d.es\/wp-content\/uploads\/2019\/02\/cropped-Logo-definitivo.jpg","width":1920,"height":538,"caption":"Teseracto"},"image":{"@id":"https:\/\/www.teseracto4d.es\/#\/schema\/logo\/image\/"}}]}},"_links":{"self":[{"href":"https:\/\/www.teseracto4d.es\/it\/wp-json\/wp\/v2\/pages\/6219","targetHints":{"allow":["GET"]}}],"collection":[{"href":"https:\/\/www.teseracto4d.es\/it\/wp-json\/wp\/v2\/pages"}],"about":[{"href":"https:\/\/www.teseracto4d.es\/it\/wp-json\/wp\/v2\/types\/page"}],"author":[{"embeddable":true,"href":"https:\/\/www.teseracto4d.es\/it\/wp-json\/wp\/v2\/users\/1"}],"replies":[{"embeddable":true,"href":"https:\/\/www.teseracto4d.es\/it\/wp-json\/wp\/v2\/comments?post=6219"}],"version-history":[{"count":28,"href":"https:\/\/www.teseracto4d.es\/it\/wp-json\/wp\/v2\/pages\/6219\/revisions"}],"predecessor-version":[{"id":9818,"href":"https:\/\/www.teseracto4d.es\/it\/wp-json\/wp\/v2\/pages\/6219\/revisions\/9818"}],"wp:attachment":[{"href":"https:\/\/www.teseracto4d.es\/it\/wp-json\/wp\/v2\/media?parent=6219"}],"curies":[{"name":"wp","href":"https:\/\/api.w.org\/{rel}","templated":true}]}}