{"id":3788,"date":"2022-01-21T12:34:28","date_gmt":"2022-01-21T12:34:28","guid":{"rendered":"https:\/\/www.teseracto4d.es\/?page_id=3788"},"modified":"2022-01-21T12:59:32","modified_gmt":"2022-01-21T12:59:32","slug":"ferula-disenada-o-no","status":"publish","type":"page","link":"https:\/\/www.teseracto4d.es\/pt\/ferula-disenada-o-no\/","title":{"rendered":"ferula dise\u00f1ada o no"},"content":{"rendered":"<div data-elementor-type=\"wp-page\" data-elementor-id=\"3788\" class=\"elementor elementor-3788\" data-elementor-post-type=\"page\">\n\t\t\t\t\t\t<section class=\"elementor-section elementor-top-section elementor-element elementor-element-7f56c18 elementor-section-full_width elementor-section-height-default elementor-section-height-default\" data-id=\"7f56c18\" data-element_type=\"section\" data-e-type=\"section\" data-settings=\"{&quot;background_background&quot;:&quot;classic&quot;}\">\n\t\t\t\t\t\t<div class=\"elementor-container elementor-column-gap-default\">\n\t\t\t\t\t<div class=\"elementor-column elementor-col-50 elementor-top-column elementor-element elementor-element-5154187\" data-id=\"5154187\" data-element_type=\"column\" data-e-type=\"column\">\n\t\t\t<div class=\"elementor-widget-wrap elementor-element-populated\">\n\t\t\t\t\t\t<div class=\"elementor-element elementor-element-7423e64 elementor-widget elementor-widget-heading\" data-id=\"7423e64\" data-element_type=\"widget\" data-e-type=\"widget\" data-widget_type=\"heading.default\">\n\t\t\t\t<div class=\"elementor-widget-container\">\n\t\t\t\t\t<h2 class=\"elementor-heading-title elementor-size-default\"><a href=\"https:\/\/www.teseracto4d.es\/pt\/pedidos-de-ferulas\/\">J\u00e1 est\u00e1 desenhado<br>para mim<\/a><\/h2>\t\t\t\t<\/div>\n\t\t\t\t<\/div>\n\t\t\t\t\t<\/div>\n\t\t<\/div>\n\t\t\t\t<div class=\"elementor-column elementor-col-50 elementor-top-column elementor-element elementor-element-1deae27\" data-id=\"1deae27\" data-element_type=\"column\" data-e-type=\"column\">\n\t\t\t<div class=\"elementor-widget-wrap elementor-element-populated\">\n\t\t\t\t\t\t<div class=\"elementor-element elementor-element-d35eec0 elementor-widget elementor-widget-heading\" data-id=\"d35eec0\" data-element_type=\"widget\" data-e-type=\"widget\" data-widget_type=\"heading.default\">\n\t\t\t\t<div class=\"elementor-widget-container\">\n\t\t\t\t\t<h2 class=\"elementor-heading-title elementor-size-default\"><a href=\"https:\/\/www.teseracto4d.es\/pt\/pedidos-de-ferulas-de-teseracto\/\">Eu quero que voc\u00ea projete isso<br>Teseracto<\/a><\/h2>\t\t\t\t<\/div>\n\t\t\t\t<\/div>\n\t\t\t\t\t<\/div>\n\t\t<\/div>\n\t\t\t\t\t<\/div>\n\t\t<\/section>\n\t\t\t\t<\/div>","protected":false},"excerpt":{"rendered":"<p>Ya est\u00e1 dise\u00f1adapor mi Quiero que la dise\u00f1eTeseracto<\/p>","protected":false},"author":1,"featured_media":0,"parent":0,"menu_order":0,"comment_status":"closed","ping_status":"closed","template":"elementor_header_footer","meta":{"_uf_show_specific_survey":0,"_uf_disable_surveys":false,"neve_meta_sidebar":"full-width","neve_meta_container":"","neve_meta_enable_content_width":"on","neve_meta_content_width":100,"neve_meta_title_alignment":"","neve_meta_author_avatar":"","neve_post_elements_order":"","neve_meta_disable_header":"","neve_meta_disable_footer":"","neve_meta_disable_title":"","_joinchat":[],"footnotes":""},"class_list":["post-3788","page","type-page","status-publish","hentry"],"yoast_head":"<!-- This site is optimized with the Yoast SEO plugin v27.5 - https:\/\/yoast.com\/product\/yoast-seo-wordpress\/ -->\n<title>ferula dise\u00f1ada o no - Teseracto. M\u00e1s all\u00e1 del 3D.<\/title>\n<meta name=\"description\" content=\"Ya est\u00e1 dise\u00f1adapor mi   Quiero que la dise\u00f1eTeseracto\" \/>\n<meta name=\"robots\" content=\"noindex, nofollow\" \/>\n<meta property=\"og:locale\" content=\"pt_PT\" \/>\n<meta property=\"og:type\" content=\"article\" \/>\n<meta property=\"og:title\" content=\"ferula dise\u00f1ada o no - Teseracto. M\u00e1s all\u00e1 del 3D.\" \/>\n<meta property=\"og:description\" content=\"Ya est\u00e1 dise\u00f1adapor mi   Quiero que la dise\u00f1eTeseracto\" \/>\n<meta property=\"og:url\" content=\"https:\/\/www.teseracto4d.es\/pt\/ferula-disenada-o-no\/\" \/>\n<meta property=\"og:site_name\" content=\"Teseracto\" \/>\n<meta property=\"article:modified_time\" content=\"2022-01-21T12:59:32+00:00\" \/>\n<meta name=\"twitter:card\" content=\"summary_large_image\" \/>\n<script type=\"application\/ld+json\" class=\"yoast-schema-graph\">{\"@context\":\"https:\\\/\\\/schema.org\",\"@graph\":[{\"@type\":\"WebPage\",\"@id\":\"https:\\\/\\\/www.teseracto4d.es\\\/ferula-disenada-o-no\\\/\",\"url\":\"https:\\\/\\\/www.teseracto4d.es\\\/ferula-disenada-o-no\\\/\",\"name\":\"ferula dise\u00f1ada o no - Teseracto. M\u00e1s all\u00e1 del 3D.\",\"isPartOf\":{\"@id\":\"https:\\\/\\\/www.teseracto4d.es\\\/#website\"},\"datePublished\":\"2022-01-21T12:34:28+00:00\",\"dateModified\":\"2022-01-21T12:59:32+00:00\",\"description\":\"Ya est\u00e1 dise\u00f1adapor mi Quiero que la dise\u00f1eTeseracto\",\"breadcrumb\":{\"@id\":\"https:\\\/\\\/www.teseracto4d.es\\\/ferula-disenada-o-no\\\/#breadcrumb\"},\"inLanguage\":\"pt-PT\",\"potentialAction\":[{\"@type\":\"ReadAction\",\"target\":[\"https:\\\/\\\/www.teseracto4d.es\\\/ferula-disenada-o-no\\\/\"]}]},{\"@type\":\"BreadcrumbList\",\"@id\":\"https:\\\/\\\/www.teseracto4d.es\\\/ferula-disenada-o-no\\\/#breadcrumb\",\"itemListElement\":[{\"@type\":\"ListItem\",\"position\":1,\"name\":\"Portada\",\"item\":\"https:\\\/\\\/www.teseracto4d.es\\\/\"},{\"@type\":\"ListItem\",\"position\":2,\"name\":\"ferula dise\u00f1ada o no\"}]},{\"@type\":\"WebSite\",\"@id\":\"https:\\\/\\\/www.teseracto4d.es\\\/#website\",\"url\":\"https:\\\/\\\/www.teseracto4d.es\\\/\",\"name\":\"Teseracto\",\"description\":\"impresion 3d dental\",\"publisher\":{\"@id\":\"https:\\\/\\\/www.teseracto4d.es\\\/#organization\"},\"potentialAction\":[{\"@type\":\"SearchAction\",\"target\":{\"@type\":\"EntryPoint\",\"urlTemplate\":\"https:\\\/\\\/www.teseracto4d.es\\\/?s={search_term_string}\"},\"query-input\":{\"@type\":\"PropertyValueSpecification\",\"valueRequired\":true,\"valueName\":\"search_term_string\"}}],\"inLanguage\":\"pt-PT\"},{\"@type\":\"Organization\",\"@id\":\"https:\\\/\\\/www.teseracto4d.es\\\/#organization\",\"name\":\"Teseracto\",\"url\":\"https:\\\/\\\/www.teseracto4d.es\\\/\",\"logo\":{\"@type\":\"ImageObject\",\"inLanguage\":\"pt-PT\",\"@id\":\"https:\\\/\\\/www.teseracto4d.es\\\/#\\\/schema\\\/logo\\\/image\\\/\",\"url\":\"https:\\\/\\\/www.teseracto4d.es\\\/wp-content\\\/uploads\\\/2019\\\/02\\\/cropped-Logo-definitivo.jpg\",\"contentUrl\":\"https:\\\/\\\/www.teseracto4d.es\\\/wp-content\\\/uploads\\\/2019\\\/02\\\/cropped-Logo-definitivo.jpg\",\"width\":1920,\"height\":538,\"caption\":\"Teseracto\"},\"image\":{\"@id\":\"https:\\\/\\\/www.teseracto4d.es\\\/#\\\/schema\\\/logo\\\/image\\\/\"}}]}<\/script>\n<!-- \/ Yoast SEO plugin. -->","yoast_head_json":{"title":"ferula dise\u00f1ada o no - Teseracto. M\u00e1s all\u00e1 del 3D.","description":"Ya est\u00e1 dise\u00f1adapor mi   Quiero que la dise\u00f1eTeseracto","robots":{"index":"noindex","follow":"nofollow"},"og_locale":"pt_PT","og_type":"article","og_title":"ferula dise\u00f1ada o no - Teseracto. M\u00e1s all\u00e1 del 3D.","og_description":"Ya est\u00e1 dise\u00f1adapor mi   Quiero que la dise\u00f1eTeseracto","og_url":"https:\/\/www.teseracto4d.es\/pt\/ferula-disenada-o-no\/","og_site_name":"Teseracto","article_modified_time":"2022-01-21T12:59:32+00:00","twitter_card":"summary_large_image","schema":{"@context":"https:\/\/schema.org","@graph":[{"@type":"WebPage","@id":"https:\/\/www.teseracto4d.es\/ferula-disenada-o-no\/","url":"https:\/\/www.teseracto4d.es\/ferula-disenada-o-no\/","name":"ferula dise\u00f1ada o no - Teseracto. M\u00e1s all\u00e1 del 3D.","isPartOf":{"@id":"https:\/\/www.teseracto4d.es\/#website"},"datePublished":"2022-01-21T12:34:28+00:00","dateModified":"2022-01-21T12:59:32+00:00","description":"Ya est\u00e1 dise\u00f1adapor mi Quiero que la dise\u00f1eTeseracto","breadcrumb":{"@id":"https:\/\/www.teseracto4d.es\/ferula-disenada-o-no\/#breadcrumb"},"inLanguage":"pt-PT","potentialAction":[{"@type":"ReadAction","target":["https:\/\/www.teseracto4d.es\/ferula-disenada-o-no\/"]}]},{"@type":"BreadcrumbList","@id":"https:\/\/www.teseracto4d.es\/ferula-disenada-o-no\/#breadcrumb","itemListElement":[{"@type":"ListItem","position":1,"name":"Portada","item":"https:\/\/www.teseracto4d.es\/"},{"@type":"ListItem","position":2,"name":"ferula dise\u00f1ada o no"}]},{"@type":"WebSite","@id":"https:\/\/www.teseracto4d.es\/#website","url":"https:\/\/www.teseracto4d.es\/","name":"Teseracto","description":"impress\u00e3o 3d dent\u00e1ria","publisher":{"@id":"https:\/\/www.teseracto4d.es\/#organization"},"potentialAction":[{"@type":"SearchAction","target":{"@type":"EntryPoint","urlTemplate":"https:\/\/www.teseracto4d.es\/?s={search_term_string}"},"query-input":{"@type":"PropertyValueSpecification","valueRequired":true,"valueName":"search_term_string"}}],"inLanguage":"pt-PT"},{"@type":"Organization","@id":"https:\/\/www.teseracto4d.es\/#organization","name":"Teseracto","url":"https:\/\/www.teseracto4d.es\/","logo":{"@type":"ImageObject","inLanguage":"pt-PT","@id":"https:\/\/www.teseracto4d.es\/#\/schema\/logo\/image\/","url":"https:\/\/www.teseracto4d.es\/wp-content\/uploads\/2019\/02\/cropped-Logo-definitivo.jpg","contentUrl":"https:\/\/www.teseracto4d.es\/wp-content\/uploads\/2019\/02\/cropped-Logo-definitivo.jpg","width":1920,"height":538,"caption":"Teseracto"},"image":{"@id":"https:\/\/www.teseracto4d.es\/#\/schema\/logo\/image\/"}}]}},"_links":{"self":[{"href":"https:\/\/www.teseracto4d.es\/pt\/wp-json\/wp\/v2\/pages\/3788","targetHints":{"allow":["GET"]}}],"collection":[{"href":"https:\/\/www.teseracto4d.es\/pt\/wp-json\/wp\/v2\/pages"}],"about":[{"href":"https:\/\/www.teseracto4d.es\/pt\/wp-json\/wp\/v2\/types\/page"}],"author":[{"embeddable":true,"href":"https:\/\/www.teseracto4d.es\/pt\/wp-json\/wp\/v2\/users\/1"}],"replies":[{"embeddable":true,"href":"https:\/\/www.teseracto4d.es\/pt\/wp-json\/wp\/v2\/comments?post=3788"}],"version-history":[{"count":11,"href":"https:\/\/www.teseracto4d.es\/pt\/wp-json\/wp\/v2\/pages\/3788\/revisions"}],"predecessor-version":[{"id":6058,"href":"https:\/\/www.teseracto4d.es\/pt\/wp-json\/wp\/v2\/pages\/3788\/revisions\/6058"}],"wp:attachment":[{"href":"https:\/\/www.teseracto4d.es\/pt\/wp-json\/wp\/v2\/media?parent=3788"}],"curies":[{"name":"wp","href":"https:\/\/api.w.org\/{rel}","templated":true}]}}